{"id":44228,"date":"2020-03-03T15:09:12","date_gmt":"2020-03-03T13:09:12","guid":{"rendered":"https:\/\/syote.net\/kokoustilat-2\/"},"modified":"2026-01-14T11:04:43","modified_gmt":"2026-01-14T09:04:43","slug":"kokoustilat-2","status":"publish","type":"page","link":"https:\/\/syote.net\/en\/kokoustilat-2\/","title":{"rendered":"Kokoustilat"},"content":{"rendered":"<div class=\"wpb-content-wrapper\"><p>[vc_row css_animation=&#8221;&#8221; row_type=&#8221;row&#8221; use_row_as_full_screen_section=&#8221;no&#8221; type=&#8221;full_width&#8221; angled_section=&#8221;no&#8221; text_align=&#8221;left&#8221; background_image_as_pattern=&#8221;without_pattern&#8221;][vc_column]\n\t\t\t\t<p class=\"rs-p-wp-fix\"><\/p>\n\t\t\t\t<sr7-module data-alias=\"ryhmat-ja-kokoukset-1\" data-id=\"209\" id=\"SR7_209_1\" class=\"rs-ov-hidden\" data-version=\"6.7.51\">\n\t\t\t\t\t<sr7-adjuster><\/sr7-adjuster>\n\t\t\t\t\t<sr7-content>\n\t\t\t\t\t\t<sr7-slide id=\"SR7_209_1-31\" data-key=\"31\">\n\t\t\t\t\t\t\t<sr7-bg id=\"SR7_209_1-31-2\" class=\"sr7-layer\"><noscript><img decoding=\"async\" src=\"https:\/\/ewkmf6uwzwp.exactdn.com\/wp-content\/uploads\/2021\/02\/Lumiareena_syote_kokoustila.jpg?strip=all\" alt=\"\" title=\"Lumiareena_syote_kokoustila\"><\/noscript><\/sr7-bg>\n\t\t\t\t\t\t\t<h2 id=\"SR7_209_1-31-1\" class=\"sr7-layer\">Ryhm\u00e4t ja <br \/>kokoukset<\/h2>\n\t\t\t\t\t\t<\/sr7-slide>\n\t\t\t\t\t\t<sr7-slide id=\"SR7_209_1-72\" data-key=\"72\">\n\t\t\t\t\t\t<\/sr7-slide>\n\t\t\t\t\t<\/sr7-content>\n\t\t\t\t<\/sr7-module>\n\t\t\t\t<script>\n\t\t\t\t\twindow.SR7 ??={};SR7.PMH ??={}; SR7.PMH[\"SR7_209_1\"] = {cn:100,state:false,fn: function() { if (window._tpt!==undefined && window._tpt.prepareModuleHeight !== undefined) {  _tpt.prepareModuleHeight({id:\"SR7_209_1\",el:[420,420,420,420,400],type:'hero',shdw:'0',gh:[420,420,420,420,400],gw:[1240,1240,1240,1240,480],vpt:['20%&#039;,&#039;20%&#039;,&#039;20%&#039;,&#039;20%&#039;,&#039;20%'],size:{fullWidth:true, fullHeight:false},mh:'0',onh:0,onw:0,bg:{color:'{\"orig\":\"transparent\",\"type\":\"solid\",\"string\":\"transparent\"}'},plType:'-1',plColor:'#FFFFFF'});   SR7.PMH[\"SR7_209_1\"].state=true;} else if(SR7.PMH[\"SR7_209_1\"].cn-->0)\tsetTimeout( SR7.PMH[\"SR7_209_1\"].fn,19);}};SR7.PMH[\"SR7_209_1\" ].fn();\n\t\t\t\t<\/script>\n[\/vc_column][\/vc_row][vc_row css_animation=&#8221;&#8221; row_type=&#8221;row&#8221; use_row_as_full_screen_section=&#8221;no&#8221; type=&#8221;grid&#8221; angled_section=&#8221;no&#8221; text_align=&#8221;left&#8221; background_image_as_pattern=&#8221;without_pattern&#8221; background_color=&#8221;#ffffff&#8221; z_index=&#8221;&#8221; css=&#8221;.vc_custom_1612909960717{padding-top: 3% !important;}&#8221;][vc_column width=&#8221;1\/2&#8243; offset=&#8221;vc_col-lg-offset-0 vc_col-lg-6 vc_col-md-offset-0 vc_col-md-6 vc_col-sm-offset-0&#8243; css=&#8221;.vc_custom_1576114713561{padding-right: 10% !important;padding-bottom: 4.5% !important;}&#8221;][vc_empty_space height=&#8221;10px&#8221;][vc_column_text]<\/p>\n<h3>Kokouskohteet<\/h3>\n<p>[\/vc_column_text][vc_column_text css=&#8221;&#8221;]<strong>Kokousta rennosti m\u00f6kill\u00e4 omalla tiimill\u00e4!<\/strong><\/p>\n<p>Majoitu &amp; kokousta tilavassa ja tasokkaassa m\u00f6kiss\u00e4 tunturimaisemissa. Toimitamme m\u00f6kille maistuvat catering-tarjoilut ja varaamme haluamasi aktiviteetit kokousp\u00e4iv\u00e4n lomaan tai p\u00e4\u00e4tteeksi. Saunominen kokousp\u00e4iv\u00e4n p\u00e4\u00e4lle onnistuu k\u00e4tev\u00e4sti m\u00f6kill\u00e4 ja n\u00e4iss\u00e4 kohteissamme p\u00e4\u00e4set nauttimaan my\u00f6s ulkoporealtaasta.<\/p>\n<p>Esimerkiksi n\u00e4iss\u00e4 m\u00f6keiss\u00e4mme kokous onnistuu mukavasti!<\/p>\n<p><a href=\"https:\/\/syote.net\/kohde\/#!\/villa-katko\/KATKO\" target=\"_blank\" rel=\"noopener noreferrer\">Villa K\u00e4tk\u00f6<\/a>: 10+3 hengen luksus m\u00f6kki<br \/>\n<a href=\"https:\/\/syote.net\/kohde\/#!\/villastadion\/HIIHTOM\" target=\"_blank\" rel=\"noopener noreferrer\">Loihtu<\/a>: 15 hengen luksus m\u00f6kki<br \/>\n<a href=\"https:\/\/syote.net\/kohde\/#!\/taigalampi\/TAIGAL\" target=\"_blank\" rel=\"noopener noreferrer\">Taigalampi<\/a>: 12+4 hengen m\u00f6kki[\/vc_column_text][vc_empty_space height=&#8221;10px&#8221;][\/vc_column][vc_column width=&#8221;1\/2&#8243;][vc_empty_space height=&#8221;20px&#8221;][vc_single_image image=&#8221;18837&#8243; img_size=&#8221;full&#8221; qode_css_animation=&#8221;&#8221;][vc_empty_space height=&#8221;20px&#8221;][\/vc_column][\/vc_row][vc_row css_animation=&#8221;&#8221; row_type=&#8221;row&#8221; use_row_as_full_screen_section=&#8221;no&#8221; type=&#8221;grid&#8221; angled_section=&#8221;no&#8221; text_align=&#8221;left&#8221; background_image_as_pattern=&#8221;without_pattern&#8221; background_color=&#8221;#ffffff&#8221; z_index=&#8221;&#8221; css=&#8221;.vc_custom_1584576766505{padding-top: 4.5% !important;}&#8221; el_id=&#8221;saunatilat&#8221;][vc_column width=&#8221;1\/2&#8243;][vc_empty_space height=&#8221;20px&#8221;][vc_single_image image=&#8221;19176&#8243; img_size=&#8221;full&#8221; qode_css_animation=&#8221;element_from_fade&#8221;][vc_empty_space height=&#8221;20px&#8221;][\/vc_column][vc_column width=&#8221;1\/2&#8243; offset=&#8221;vc_col-lg-offset-0 vc_col-lg-6 vc_col-md-offset-0 vc_col-md-6 vc_col-sm-offset-0&#8243; css=&#8221;.vc_custom_1576114713561{padding-right: 10% !important;padding-bottom: 4.5% !important;}&#8221;][vc_empty_space height=&#8221;18px&#8221;][vc_column_text]<\/p>\n<h3>LumiAreena<\/h3>\n<p>[\/vc_column_text][vc_column_text]LumiAreenan my\u00f6t\u00e4 Sy\u00f6tteell\u00e4 on ensiluokkaiset puitteet yritystapahtumien, erilaisten seminaarien ja yksityistilaisuuksien j\u00e4rjest\u00e4miseen.<\/p>\n<p>Tiloissa voi j\u00e4rjest\u00e4\u00e4 liikunta- ja valmennustapahtumia, pieni\u00e4 messuja, konsertteja ja vaikka h\u00e4\u00e4t. LumiAreena mukautuu jopa 500 henkil\u00f6n tilaisuuksien n\u00e4ytt\u00e4m\u00f6ksi.<\/p>\n<p><a href=\"https:\/\/syote.net\/lumiareena\/\" target=\"_blank\" rel=\"noopener noreferrer\">Lue lis\u00e4\u00e4<\/a>[\/vc_column_text][vc_empty_space height=&#8221;10px&#8221;][\/vc_column][\/vc_row][vc_row css_animation=&#8221;&#8221; row_type=&#8221;row&#8221; use_row_as_full_screen_section=&#8221;no&#8221; type=&#8221;grid&#8221; angled_section=&#8221;no&#8221; text_align=&#8221;left&#8221; background_image_as_pattern=&#8221;without_pattern&#8221; background_color=&#8221;#ffffff&#8221; z_index=&#8221;&#8221; css=&#8221;.vc_custom_1584576766505{padding-top: 4.5% !important;}&#8221;][vc_column width=&#8221;1\/2&#8243; offset=&#8221;vc_col-lg-offset-0 vc_col-lg-6 vc_col-md-offset-0 vc_col-md-6 vc_col-sm-offset-0&#8243; css=&#8221;.vc_custom_1576114713561{padding-right: 10% !important;padding-bottom: 4.5% !important;}&#8221;][vc_empty_space height=&#8221;18px&#8221;][vc_column_text]<\/p>\n<h3>Hotelli Pikku-Sy\u00f6te<\/h3>\n<p>[\/vc_column_text][vc_column_text]Pikku-Sy\u00f6tteelt\u00e4 l\u00f6ytyy monipuoliset tilat erilaisten kokousten ja tapausten j\u00e4rjest\u00e4miseen. Koko hotellissa on ilmainen WLAN- yhteys.<\/p>\n<p>Saatavilla olevat kokousv\u00e4lineet: Videotykki, kannettava tietokone, valkokangas, piirtoheitin, fl\u00e4ppitaulu, tussitaulu, \u00e4\u00e4nentoisto<\/p>\n<p><strong>Sy\u00f6tesali<\/strong><\/p>\n<ul>\n<li>jopa 250 henkil\u00f6n tilaisuuksiin sopiva liikuntasali tyyppinen tila<\/li>\n<li>eri p\u00f6yt\u00e4muodoilla sopimaan n. 160 henkil\u00f6n tilaisuuksi<\/li>\n<li>uusittu vuonna 2014, uusi av- tekniikka ja iso valkokangas<\/li>\n<\/ul>\n<p><strong>Hilla ja Karpalo<\/strong><\/p>\n<ul>\n<li>perinteiset kokoustilat<\/li>\n<li>yhdistet\u00e4viss\u00e4 yhdeksi n. 80 henkil\u00f6n kokoustilaksi<\/li>\n<\/ul>\n<p><strong>Valokki<\/strong><\/p>\n<ul>\n<li>upealla maisemalla varustettu luokka tyyppinen kokoustila<\/li>\n<li>soveltuu riippuen tilaisuuden luonteesta jopa 50 hengen kokoustilaksi.<\/li>\n<\/ul>\n<p><strong>Kaarnikka<\/strong><\/p>\n<ul>\n<li>alakerran tiloissa oleva kokoustila<\/li>\n<li>\u00a030 henkil\u00f6n maisemallinen kokoustila, muunneltavissa eri p\u00f6yt\u00e4muodoilla moniin tilaisuuksiin sopivaksi<\/li>\n<\/ul>\n<p><strong>Takkahuone<\/strong><\/p>\n<ul>\n<li>Pid\u00e4 kokous takkatulen \u00e4\u00e4rell\u00e4!<\/li>\n<li>kokousp\u00f6yt\u00e4 n. 16 hengelle<\/li>\n<li>pieni baarikeitti\u00f6<\/li>\n<li>nojatuoleja ja sohvanurkkaus<\/li>\n<li>samassa yhteydess\u00e4 pukuhuoneelliset saunatilat<\/li>\n<li>lis\u00e4ksi terassi hienoilla maisemilla<\/li>\n<\/ul>\n<p>[\/vc_column_text][vc_empty_space height=&#8221;10px&#8221;][\/vc_column][vc_column width=&#8221;1\/2&#8243;][vc_empty_space height=&#8221;20px&#8221;][vc_single_image image=&#8221;18791&#8243; img_size=&#8221;full&#8221; qode_css_animation=&#8221;element_from_fade&#8221;][vc_empty_space height=&#8221;20px&#8221;][vc_single_image image=&#8221;18797&#8243; img_size=&#8221;full&#8221; qode_css_animation=&#8221;&#8221;][\/vc_column][\/vc_row][vc_row css_animation=&#8221;&#8221; row_type=&#8221;row&#8221; use_row_as_full_screen_section=&#8221;no&#8221; type=&#8221;grid&#8221; angled_section=&#8221;no&#8221; text_align=&#8221;left&#8221; background_image_as_pattern=&#8221;without_pattern&#8221; background_color=&#8221;#ffffff&#8221; z_index=&#8221;&#8221; css=&#8221;.vc_custom_1584576766505{padding-top: 4.5% !important;}&#8221;][vc_column width=&#8221;1\/2&#8243;][vc_empty_space height=&#8221;20px&#8221;][vc_single_image image=&#8221;19031&#8243; img_size=&#8221;full&#8221; qode_css_animation=&#8221;&#8221;][vc_empty_space height=&#8221;20px&#8221;][vc_single_image image=&#8221;19156&#8243; img_size=&#8221;full&#8221; qode_css_animation=&#8221;&#8221;][vc_empty_space height=&#8221;10px&#8221;][\/vc_column][vc_column width=&#8221;1\/2&#8243; offset=&#8221;vc_col-lg-offset-0 vc_col-lg-6 vc_col-md-offset-0 vc_col-md-6 vc_col-sm-offset-0&#8243; css=&#8221;.vc_custom_1576114713561{padding-right: 10% !important;padding-bottom: 4.5% !important;}&#8221;][vc_empty_space height=&#8221;18px&#8221;][vc_column_text]<\/p>\n<h3>Hotelli Iso-Sy\u00f6te<\/h3>\n<p>[\/vc_column_text][vc_column_text css=&#8221;&#8221;]<strong><span data-hyphens=\"\">Panorama-kokoustila<\/span> 72 hengelle<\/strong><\/p>\n<ul>\n<li>Kokousvarustus: videotykki, valkokangas, fl\u00e4ppitaulu, \u00e4\u00e4nentoisto<\/li>\n<li>Takka, upeat maisemat<\/li>\n<li>Tilavuokra 90 \u20ac \/ alkava tunti tai 280 \u20ac \/ p\u00e4iv\u00e4<\/li>\n<\/ul>\n<p><strong>Kruunukabinetti, neuvotteluhuone 12 hengelle<\/strong><\/p>\n<ul>\n<li>Kokousvarustus: videotykki, valkokangas, fl\u00e4ppitaulu<\/li>\n<li>Tilavuokra 45 \u20ac \/ alkava tunti tai 170 \u20ac \/ p\u00e4iv\u00e4<\/li>\n<\/ul>\n<p><strong>Hilltop Kabinetti 70 hengelle <\/strong><\/p>\n<ul>\n<li>Kokousvarustus: videotykki, valkokangas, \u00e4\u00e4nentoisto<\/li>\n<li>Kolmannesta kerroksesta avautuvat huikeat tunturimaisemat<\/li>\n<li>Tila on osa Ravintola Hilltopia, ja menusta vastaa ravintola<\/li>\n<li>Kyseess\u00e4 on ravintolan yhteydess\u00e4 oleva verholla erotettava tila, joka on mahdollista jakaa my\u00f6s kahteen pienemp\u00e4\u00e4n tilaan v\u00e4liverholla.<\/li>\n<li>Tilavuokra 100 \u20ac \/ alkava tunti<\/li>\n<li>Puolikas tila ruokailuun tai ryhm\u00e4ty\u00f6skentelyyn 50 \u20ac \/ alkava tunti<\/li>\n<li>Varattavissa yksityis- tai kokousk\u00e4ytt\u00f6\u00f6n p\u00e4iv\u00e4ll\u00e4 klo 11-16.00 sill\u00e4 edellytyksell\u00e4, ettei ravintolassa ole isoja lounastilauksia.<\/li>\n<\/ul>\n<p>[\/vc_column_text][vc_empty_space height=&#8221;10px&#8221;][\/vc_column][\/vc_row][vc_row css_animation=&#8221;&#8221; row_type=&#8221;row&#8221; use_row_as_full_screen_section=&#8221;no&#8221; type=&#8221;grid&#8221; angled_section=&#8221;no&#8221; text_align=&#8221;left&#8221; background_image_as_pattern=&#8221;without_pattern&#8221; background_color=&#8221;#ffffff&#8221; z_index=&#8221;&#8221; css=&#8221;.vc_custom_1612909573472{padding-top: 4.5% !important;padding-bottom: 2% !important;}&#8221;][vc_column width=&#8221;1\/2&#8243; offset=&#8221;vc_col-lg-offset-0 vc_col-lg-6 vc_col-md-offset-0 vc_col-md-6 vc_col-sm-offset-0&#8243; css=&#8221;.vc_custom_1576114713561{padding-right: 10% !important;padding-bottom: 4.5% !important;}&#8221;][vc_empty_space height=&#8221;18px&#8221;][vc_column_text]<\/p>\n<h3>Bistorian kokoustila Kide-hotellin yhteydess\u00e4<\/h3>\n<p>[\/vc_column_text][vc_column_text]Bistorian pieni kokoustila (29 m2) sijaitsee alakerrassa ja se on sopiva max. 16 hengen ryhm\u00e4lle. Kabinetti sijoittuu ensimm\u00e4iseen kerrokseen ravintolan l\u00e4heisyyteen, mist\u00e4 on ikkuna Pikku-Sy\u00f6tteen rinteille. Tilasta l\u00f6ytyy videotykki ja tussitaulu. T\u00e4m\u00e4 kokoustila soveltuu helposti my\u00f6s LumiAreenalla kokoustavan isomman ryhm\u00e4n erilliseksi ryhm\u00e4ty\u00f6tilaksi, sill\u00e4 tilaan p\u00e4\u00e4see LumiAreenalta sis\u00e4kautta.[\/vc_column_text][vc_empty_space height=&#8221;10px&#8221;][\/vc_column][vc_column width=&#8221;1\/2&#8243;][vc_empty_space height=&#8221;20px&#8221;][vc_single_image image=&#8221;19190&#8243; img_size=&#8221;full&#8221; qode_css_animation=&#8221;element_from_fade&#8221;][vc_empty_space height=&#8221;40px&#8221;][\/vc_column][\/vc_row][vc_row css_animation=&#8221;&#8221; row_type=&#8221;row&#8221; use_row_as_full_screen_section=&#8221;no&#8221; type=&#8221;grid&#8221; angled_section=&#8221;no&#8221; text_align=&#8221;left&#8221; background_image_as_pattern=&#8221;without_pattern&#8221; background_color=&#8221;#f1f1f1&#8243; z_index=&#8221;&#8221; css=&#8221;.vc_custom_1584577644358{padding-top: 4.5% !important;padding-bottom: 2% !important;}&#8221;][vc_column width=&#8221;1\/2&#8243; offset=&#8221;vc_col-lg-offset-0 vc_col-lg-6 vc_col-md-offset-0 vc_col-md-6 vc_col-sm-offset-0&#8243; css=&#8221;.vc_custom_1576114713561{padding-right: 10% !important;padding-bottom: 4.5% !important;}&#8221;][vc_column_text]<\/p>\n<h3>L\u00e4het\u00e4 ryhm\u00e4tarjouspyynt\u00f6<\/h3>\n<p>[\/vc_column_text][vc_empty_space height=&#8221;20px&#8221;]\n<div class=\"wpcf7 no-js\" id=\"wpcf7-f18205-o1\" lang=\"fi\" dir=\"ltr\" data-wpcf7-id=\"18205\">\n<div class=\"screen-reader-response\"><p role=\"status\" aria-live=\"polite\" aria-atomic=\"true\"><\/p> <ul><\/ul><\/div>\n<form action=\"\/en\/wp-json\/wp\/v2\/pages\/44228#wpcf7-f18205-o1\" method=\"post\" class=\"wpcf7-form init default\" aria-label=\"Yhteydenottolomake\" novalidate=\"novalidate\" data-status=\"init\">\n<fieldset class=\"hidden-fields-container\"><input type=\"hidden\" name=\"_wpcf7\" value=\"18205\" \/><input type=\"hidden\" name=\"_wpcf7_version\" value=\"6.1.5\" \/><input type=\"hidden\" name=\"_wpcf7_locale\" value=\"fi\" \/><input type=\"hidden\" name=\"_wpcf7_unit_tag\" value=\"wpcf7-f18205-o1\" \/><input type=\"hidden\" name=\"_wpcf7_container_post\" value=\"0\" \/><input type=\"hidden\" name=\"_wpcf7_posted_data_hash\" value=\"\" \/>\n<\/fieldset>\n<p><label> Yritys\/seura\/yhdistys<br \/>\n<span class=\"wpcf7-form-control-wrap\" data-name=\"your-company\"><input size=\"40\" maxlength=\"400\" class=\"wpcf7-form-control wpcf7-text\" aria-invalid=\"false\" value=\"\" type=\"text\" name=\"your-company\" \/><\/span> <\/label>\n<\/p>\n<p><label> Yhteyshenkil\u00f6*<br \/>\n<span class=\"wpcf7-form-control-wrap\" data-name=\"your-name\"><input size=\"40\" maxlength=\"400\" class=\"wpcf7-form-control wpcf7-text wpcf7-validates-as-required\" aria-required=\"true\" aria-invalid=\"false\" value=\"\" type=\"text\" name=\"your-name\" \/><\/span> <\/label>\n<\/p>\n<p><label> S\u00e4hk\u00f6posti*<br \/>\n<span class=\"wpcf7-form-control-wrap\" data-name=\"your-email\"><input size=\"40\" maxlength=\"400\" class=\"wpcf7-form-control wpcf7-email wpcf7-validates-as-required wpcf7-text wpcf7-validates-as-email\" aria-required=\"true\" aria-invalid=\"false\" value=\"\" type=\"email\" name=\"your-email\" \/><\/span> <\/label>\n<\/p>\n<p><label> Puhelinnumero*<br \/>\n<span class=\"wpcf7-form-control-wrap\" data-name=\"your-phone\"><input size=\"40\" maxlength=\"400\" class=\"wpcf7-form-control wpcf7-tel wpcf7-validates-as-required wpcf7-text wpcf7-validates-as-tel\" aria-required=\"true\" aria-invalid=\"false\" value=\"\" type=\"tel\" name=\"your-phone\" \/><\/span> <\/label>\n<\/p>\n<p><label> Tilaisuuden tyyppi<br \/>\n<span class=\"wpcf7-form-control-wrap\" data-name=\"your-subject\"><input size=\"40\" maxlength=\"400\" class=\"wpcf7-form-control wpcf7-text\" aria-invalid=\"false\" value=\"\" type=\"text\" name=\"your-subject\" \/><\/span> <\/label>\n<\/p>\n<p><label> Ajankohta<br \/>\n<span class=\"wpcf7-form-control-wrap\" data-name=\"your-time\"><input size=\"40\" maxlength=\"400\" class=\"wpcf7-form-control wpcf7-text\" aria-invalid=\"false\" value=\"\" type=\"text\" name=\"your-time\" \/><\/span> <\/label>\n<\/p>\n<p><label> Ryhm\u00e4koko<br \/>\n<span class=\"wpcf7-form-control-wrap\" data-name=\"your-group\"><input size=\"40\" maxlength=\"400\" class=\"wpcf7-form-control wpcf7-text\" aria-invalid=\"false\" value=\"\" type=\"text\" name=\"your-group\" \/><\/span> <\/label>\n<\/p>\n<p><label> Viesti* (majoitus-, kokoustila -ja tarjoilutarpeet)<br \/>\n<span class=\"wpcf7-form-control-wrap\" data-name=\"your-message\"><textarea cols=\"40\" rows=\"10\" maxlength=\"2000\" class=\"wpcf7-form-control wpcf7-textarea wpcf7-validates-as-required\" aria-required=\"true\" aria-invalid=\"false\" name=\"your-message\"><\/textarea><\/span> <\/label>\n<\/p>\n<p><input class=\"wpcf7-form-control wpcf7-submit has-spinner\" type=\"submit\" value=\"L\u00e4het\u00e4\" \/>\n<\/p><div class=\"wpcf7-response-output\" aria-hidden=\"true\"><\/div>\n<\/form>\n<\/div>\n[\/vc_column][\/vc_row]<\/p>\n<\/div>","protected":false},"excerpt":{"rendered":"<p>[vc_row css_animation=&#8221;&#8221; row_type=&#8221;row&#8221; use_row_as_full_screen_section=&#8221;no&#8221; type=&#8221;full_width&#8221; angled_section=&#8221;no&#8221; text_align=&#8221;left&#8221; background_image_as_pattern=&#8221;without_pattern&#8221;][vc_column][\/vc_column][\/vc_row][vc_row css_animation=&#8221;&#8221; row_type=&#8221;row&#8221; use_row_as_full_screen_section=&#8221;no&#8221; type=&#8221;grid&#8221; angled_section=&#8221;no&#8221; text_align=&#8221;left&#8221; background_image_as_pattern=&#8221;without_pattern&#8221; background_color=&#8221;#ffffff&#8221; z_index=&#8221;&#8221; css=&#8221;.vc_custom_1612909960717{padding-top: 3% !important;}&#8221;][vc_column width=&#8221;1\/2&#8243; offset=&#8221;vc_col-lg-offset-0 vc_col-lg-6 vc_col-md-offset-0 vc_col-md-6 vc_col-sm-offset-0&#8243; css=&#8221;.vc_custom_1576114713561{padding-right: 10% !important;padding-bottom: 4.5% !important;}&#8221;][vc_empty_space height=&#8221;10px&#8221;][vc_column_text] Kokouskohteet [\/vc_column_text][vc_column_text css=&#8221;&#8221;]Kokousta rennosti m\u00f6kill\u00e4 omalla tiimill\u00e4! Majoitu &amp; kokousta tilavassa ja tasokkaassa&#8230;<\/p>\n","protected":false},"author":13,"featured_media":0,"parent":0,"menu_order":0,"comment_status":"closed","ping_status":"closed","template":"full_width.php","meta":{"footnotes":""},"class_list":["post-44228","page","type-page","status-publish","hentry"],"featured_image_src":null,"yoast_head":"<!-- This site is optimized with the Yoast SEO plugin v27.3 - https:\/\/yoast.com\/product\/yoast-seo-wordpress\/ -->\n<title>Kokoustilat - Sy\u00f6te Keskusvaraamo<\/title>\n<meta name=\"robots\" content=\"index, follow, max-snippet:-1, max-image-preview:large, max-video-preview:-1\" \/>\n<link rel=\"canonical\" href=\"https:\/\/syote.net\/en\/kokoustilat-2\/\" \/>\n<meta property=\"og:locale\" content=\"en_US\" \/>\n<meta property=\"og:type\" content=\"article\" \/>\n<meta property=\"og:title\" content=\"Kokoustilat - Sy\u00f6te Keskusvaraamo\" \/>\n<meta property=\"og:description\" content=\"[vc_row css_animation=&#8221;&#8221; row_type=&#8221;row&#8221; use_row_as_full_screen_section=&#8221;no&#8221; type=&#8221;full_width&#8221; angled_section=&#8221;no&#8221; text_align=&#8221;left&#8221; background_image_as_pattern=&#8221;without_pattern&#8221;][vc_column][\/vc_column][\/vc_row][vc_row css_animation=&#8221;&#8221; row_type=&#8221;row&#8221; use_row_as_full_screen_section=&#8221;no&#8221; type=&#8221;grid&#8221; angled_section=&#8221;no&#8221; text_align=&#8221;left&#8221; background_image_as_pattern=&#8221;without_pattern&#8221; background_color=&#8221;#ffffff&#8221; z_index=&#8221;&#8221; css=&#8221;.vc_custom_1612909960717{padding-top: 3% !important;}&#8221;][vc_column width=&#8221;1\/2&#8243; offset=&#8221;vc_col-lg-offset-0 vc_col-lg-6 vc_col-md-offset-0 vc_col-md-6 vc_col-sm-offset-0&#8243; css=&#8221;.vc_custom_1576114713561{padding-right: 10% !important;padding-bottom: 4.5% !important;}&#8221;][vc_empty_space height=&#8221;10px&#8221;][vc_column_text] Kokouskohteet [\/vc_column_text][vc_column_text css=&#8221;&#8221;]Kokousta rennosti m\u00f6kill\u00e4 omalla tiimill\u00e4! Majoitu &amp; kokousta tilavassa ja tasokkaassa...\" \/>\n<meta property=\"og:url\" content=\"https:\/\/syote.net\/en\/kokoustilat-2\/\" \/>\n<meta property=\"og:site_name\" content=\"Sy\u00f6te Keskusvaraamo\" \/>\n<meta property=\"article:modified_time\" content=\"2026-01-14T09:04:43+00:00\" \/>\n<meta name=\"twitter:card\" content=\"summary_large_image\" \/>\n<meta name=\"twitter:label1\" content=\"Est. reading time\" \/>\n\t<meta name=\"twitter:data1\" content=\"5 minutes\" \/>\n<script type=\"application\/ld+json\" class=\"yoast-schema-graph\">{\"@context\":\"https:\\\/\\\/schema.org\",\"@graph\":[{\"@type\":\"WebPage\",\"@id\":\"https:\\\/\\\/syote.net\\\/en\\\/kokoustilat-2\\\/\",\"url\":\"https:\\\/\\\/syote.net\\\/en\\\/kokoustilat-2\\\/\",\"name\":\"Kokoustilat - Sy\u00f6te Keskusvaraamo\",\"isPartOf\":{\"@id\":\"https:\\\/\\\/syote.net\\\/en\\\/#website\"},\"datePublished\":\"2020-03-03T13:09:12+00:00\",\"dateModified\":\"2026-01-14T09:04:43+00:00\",\"breadcrumb\":{\"@id\":\"https:\\\/\\\/syote.net\\\/en\\\/kokoustilat-2\\\/#breadcrumb\"},\"inLanguage\":\"en-US\",\"potentialAction\":[{\"@type\":\"ReadAction\",\"target\":[\"https:\\\/\\\/syote.net\\\/en\\\/kokoustilat-2\\\/\"]}]},{\"@type\":\"BreadcrumbList\",\"@id\":\"https:\\\/\\\/syote.net\\\/en\\\/kokoustilat-2\\\/#breadcrumb\",\"itemListElement\":[{\"@type\":\"ListItem\",\"position\":1,\"name\":\"Home\",\"item\":\"https:\\\/\\\/syote.net\\\/en\\\/\"},{\"@type\":\"ListItem\",\"position\":2,\"name\":\"Kokoustilat\"}]},{\"@type\":\"WebSite\",\"@id\":\"https:\\\/\\\/syote.net\\\/en\\\/#website\",\"url\":\"https:\\\/\\\/syote.net\\\/en\\\/\",\"name\":\"Sy\u00f6te Keskusvaraamo\",\"description\":\"\",\"potentialAction\":[{\"@type\":\"SearchAction\",\"target\":{\"@type\":\"EntryPoint\",\"urlTemplate\":\"https:\\\/\\\/syote.net\\\/en\\\/?s={search_term_string}\"},\"query-input\":{\"@type\":\"PropertyValueSpecification\",\"valueRequired\":true,\"valueName\":\"search_term_string\"}}],\"inLanguage\":\"en-US\"}]}<\/script>\n<!-- \/ Yoast SEO plugin. -->","yoast_head_json":{"title":"Kokoustilat - Sy\u00f6te Keskusvaraamo","robots":{"index":"index","follow":"follow","max-snippet":"max-snippet:-1","max-image-preview":"max-image-preview:large","max-video-preview":"max-video-preview:-1"},"canonical":"https:\/\/syote.net\/en\/kokoustilat-2\/","og_locale":"en_US","og_type":"article","og_title":"Kokoustilat - Sy\u00f6te Keskusvaraamo","og_description":"[vc_row css_animation=&#8221;&#8221; row_type=&#8221;row&#8221; use_row_as_full_screen_section=&#8221;no&#8221; type=&#8221;full_width&#8221; angled_section=&#8221;no&#8221; text_align=&#8221;left&#8221; background_image_as_pattern=&#8221;without_pattern&#8221;][vc_column][\/vc_column][\/vc_row][vc_row css_animation=&#8221;&#8221; row_type=&#8221;row&#8221; use_row_as_full_screen_section=&#8221;no&#8221; type=&#8221;grid&#8221; angled_section=&#8221;no&#8221; text_align=&#8221;left&#8221; background_image_as_pattern=&#8221;without_pattern&#8221; background_color=&#8221;#ffffff&#8221; z_index=&#8221;&#8221; css=&#8221;.vc_custom_1612909960717{padding-top: 3% !important;}&#8221;][vc_column width=&#8221;1\/2&#8243; offset=&#8221;vc_col-lg-offset-0 vc_col-lg-6 vc_col-md-offset-0 vc_col-md-6 vc_col-sm-offset-0&#8243; css=&#8221;.vc_custom_1576114713561{padding-right: 10% !important;padding-bottom: 4.5% !important;}&#8221;][vc_empty_space height=&#8221;10px&#8221;][vc_column_text] Kokouskohteet [\/vc_column_text][vc_column_text css=&#8221;&#8221;]Kokousta rennosti m\u00f6kill\u00e4 omalla tiimill\u00e4! Majoitu &amp; kokousta tilavassa ja tasokkaassa...","og_url":"https:\/\/syote.net\/en\/kokoustilat-2\/","og_site_name":"Sy\u00f6te Keskusvaraamo","article_modified_time":"2026-01-14T09:04:43+00:00","twitter_card":"summary_large_image","twitter_misc":{"Est. reading time":"5 minutes"},"schema":{"@context":"https:\/\/schema.org","@graph":[{"@type":"WebPage","@id":"https:\/\/syote.net\/en\/kokoustilat-2\/","url":"https:\/\/syote.net\/en\/kokoustilat-2\/","name":"Kokoustilat - Sy\u00f6te Keskusvaraamo","isPartOf":{"@id":"https:\/\/syote.net\/en\/#website"},"datePublished":"2020-03-03T13:09:12+00:00","dateModified":"2026-01-14T09:04:43+00:00","breadcrumb":{"@id":"https:\/\/syote.net\/en\/kokoustilat-2\/#breadcrumb"},"inLanguage":"en-US","potentialAction":[{"@type":"ReadAction","target":["https:\/\/syote.net\/en\/kokoustilat-2\/"]}]},{"@type":"BreadcrumbList","@id":"https:\/\/syote.net\/en\/kokoustilat-2\/#breadcrumb","itemListElement":[{"@type":"ListItem","position":1,"name":"Home","item":"https:\/\/syote.net\/en\/"},{"@type":"ListItem","position":2,"name":"Kokoustilat"}]},{"@type":"WebSite","@id":"https:\/\/syote.net\/en\/#website","url":"https:\/\/syote.net\/en\/","name":"Sy\u00f6te Keskusvaraamo","description":"","potentialAction":[{"@type":"SearchAction","target":{"@type":"EntryPoint","urlTemplate":"https:\/\/syote.net\/en\/?s={search_term_string}"},"query-input":{"@type":"PropertyValueSpecification","valueRequired":true,"valueName":"search_term_string"}}],"inLanguage":"en-US"}]}},"_links":{"self":[{"href":"https:\/\/syote.net\/en\/wp-json\/wp\/v2\/pages\/44228","targetHints":{"allow":["GET"]}}],"collection":[{"href":"https:\/\/syote.net\/en\/wp-json\/wp\/v2\/pages"}],"about":[{"href":"https:\/\/syote.net\/en\/wp-json\/wp\/v2\/types\/page"}],"author":[{"embeddable":true,"href":"https:\/\/syote.net\/en\/wp-json\/wp\/v2\/users\/13"}],"replies":[{"embeddable":true,"href":"https:\/\/syote.net\/en\/wp-json\/wp\/v2\/comments?post=44228"}],"version-history":[{"count":2,"href":"https:\/\/syote.net\/en\/wp-json\/wp\/v2\/pages\/44228\/revisions"}],"predecessor-version":[{"id":45354,"href":"https:\/\/syote.net\/en\/wp-json\/wp\/v2\/pages\/44228\/revisions\/45354"}],"wp:attachment":[{"href":"https:\/\/syote.net\/en\/wp-json\/wp\/v2\/media?parent=44228"}],"curies":[{"name":"wp","href":"https:\/\/api.w.org\/{rel}","templated":true}]}}