{"id":20247,"date":"2021-02-22T22:46:39","date_gmt":"2021-02-22T20:46:39","guid":{"rendered":"https:\/\/syote.net\/mokki-tuottamaan\/"},"modified":"2021-02-22T22:46:39","modified_gmt":"2021-02-22T20:46:39","slug":"mokki-tuottamaan","status":"publish","type":"page","link":"https:\/\/syote.net\/en\/mokki-tuottamaan\/","title":{"rendered":"M\u00f6kki tuottamaan"},"content":{"rendered":"<div class=\"wpb-content-wrapper\"><p>[vc_row css_animation=&#8221;&#8221; row_type=&#8221;row&#8221; use_row_as_full_screen_section=&#8221;no&#8221; type=&#8221;full_width&#8221; angled_section=&#8221;no&#8221; text_align=&#8221;left&#8221; background_image_as_pattern=&#8221;without_pattern&#8221;][vc_column]\n\t\t\t\t<p class=\"rs-p-wp-fix\"><\/p>\n\t\t\t\t<sr7-module data-alias=\"loma-asunto-tuottamaan\" data-id=\"190\" id=\"SR7_190_1\" class=\"rs-ov-hidden\" data-version=\"6.7.51\">\n\t\t\t\t\t<sr7-adjuster><\/sr7-adjuster>\n\t\t\t\t\t<sr7-content>\n\t\t\t\t\t\t<sr7-slide id=\"SR7_190_1-8\" data-key=\"8\">\n\t\t\t\t\t\t\t<sr7-bg id=\"SR7_190_1-8-2\" class=\"sr7-layer\"><noscript><img decoding=\"async\" src=\"https:\/\/ewkmf6uwzwp.exactdn.com\/wp-content\/uploads\/2025\/04\/01_Villa_Plywood_Ollukka_Iso-Syote_Syotteen_keskusvaraamo.jpg?strip=all\" alt=\"\" title=\"01_Villa_Plywood_Ollukka_Iso-Sy\u00f6te_Sy\u00f6tteen_keskusvaraamo\"><\/noscript><\/sr7-bg>\n\t\t\t\t\t\t\t<h2 id=\"SR7_190_1-8-1\" class=\"sr7-layer\">M\u00f6kki tuottamaan<\/h2>\n\t\t\t\t\t\t<\/sr7-slide>\n\t\t\t\t\t\t<sr7-slide id=\"SR7_190_1-58\" data-key=\"58\">\n\t\t\t\t\t\t<\/sr7-slide>\n\t\t\t\t\t<\/sr7-content>\n\t\t\t\t<\/sr7-module>\n\t\t\t\t<script>\n\t\t\t\t\twindow.SR7 ??={};SR7.PMH ??={}; SR7.PMH[\"SR7_190_1\"] = {cn:100,state:false,fn: function() { if (window._tpt!==undefined && window._tpt.prepareModuleHeight !== undefined) {  _tpt.prepareModuleHeight({id:\"SR7_190_1\",el:[420,420,420,420,400],type:'hero',shdw:'0',gh:[420,420,420,420,400],gw:[1240,1240,1240,1240,480],vpt:['20%&#039;,&#039;20%&#039;,&#039;20%&#039;,&#039;20%&#039;,&#039;20%'],size:{fullWidth:true, fullHeight:false},mh:'0',onh:0,onw:0,bg:{color:'{\"orig\":\"transparent\",\"type\":\"solid\",\"string\":\"transparent\"}'},plType:'-1',plColor:'#FFFFFF'});   SR7.PMH[\"SR7_190_1\"].state=true;} else if(SR7.PMH[\"SR7_190_1\"].cn-->0)\tsetTimeout( SR7.PMH[\"SR7_190_1\"].fn,19);}};SR7.PMH[\"SR7_190_1\" ].fn();\n\t\t\t\t<\/script>\n[\/vc_column][\/vc_row][vc_row css_animation=&#8221;&#8221; row_type=&#8221;row&#8221; use_row_as_full_screen_section=&#8221;no&#8221; type=&#8221;grid&#8221; angled_section=&#8221;no&#8221; text_align=&#8221;left&#8221; background_image_as_pattern=&#8221;without_pattern&#8221; background_color=&#8221;#ffffff&#8221; z_index=&#8221;&#8221;][vc_column width=&#8221;2\/3&#8243; offset=&#8221;vc_col-lg-offset-2 vc_col-lg-8 vc_col-md-offset-1 vc_col-md-10 vc_col-sm-offset-0&#8243; css=&#8221;.vc_custom_1612783939139{padding-top: 5% !important;padding-bottom: 5% !important;}&#8221;][vc_column_text]<\/p>\n<h1>Arvoisa majoituskohteen omistaja,<\/h1>\n<p>[\/vc_column_text][vc_column_text]Vapaa-ajan asunnon omistaminen Sy\u00f6tteell\u00e4 mahdollistaa majoituskohteen hy\u00f6dynt\u00e4misen vuokrausk\u00e4yt\u00f6ss\u00e4. Sy\u00f6tteen keskusvaraamo on Sy\u00f6tteen alueen johtava majoitusv\u00e4litysyritys, luotettava ja tunnettu yhteisty\u00f6kumppani, joka on toiminut alueella l\u00e4hes 30 vuotta. Etsimme jatkuvasti v\u00e4litykseemme vuokraukseen sopivia lomakohteita: m\u00f6kkej\u00e4, paritalo- tai rivitalohuoneistoja. Sy\u00f6tteen keskusvaraamossa tunnetaan tarkkaan Suomen etel\u00e4isin tunturi ja sen palvelut. Keskusvaraamo toimii palvelevana linkkin\u00e4 matkailijoiden sek\u00e4 majoitus- ja ohjelmapalveluyritysten v\u00e4lill\u00e4. Kauttamme niin yksitt\u00e4iset matkailijat kuin ryhm\u00e4tkin saavat kaiken lomalla tarvittavan, aina\u00a0majoituksesta kuljetuksiin ja ohjelmapalveluista illanviettoihin. Yrityksemme toteuttaa my\u00f6s kokous- ja tapahtumaj\u00e4rjestelyit\u00e4 matkailukeskuksessa ja sen ulkopuolella[\/vc_column_text][vc_empty_space height=&#8221;30px&#8221;][vc_column_text]<\/p>\n<h4>Alla muutama tosi hyv\u00e4 syy, miksi valita Sy\u00f6tteen keskusvaraamo majoituskohteenne v\u00e4litt\u00e4j\u00e4ksi:<\/h4>\n<p><strong>1. Sy\u00f6tteen keskusvaraamo on koko Sy\u00f6tteen alueen varaamo <\/strong> Sy\u00f6tteen keskusvaraamo on toiminut Sy\u00f6tteen tunturialueella pitk\u00e4j\u00e4nteisesti jo kohta 30 vuoden ajan. Olemme koko Sy\u00f6tteen alueen ylivoimaisesti suurin majoitusmyyj\u00e4. Tunnemme Sy\u00f6tteen yritykset, tuotteet, majoituskohteet eli alueen ja sen asiakkaat suvereenisti. Kielitaitovalikoima kattaa suomen, ruotsin, englannin, saksan ja ven\u00e4j\u00e4n. <strong>2. www.syote.net -nettivaraamoon p\u00e4\u00e4sev\u00e4t vain Sy\u00f6tteen keskusvaraamon v\u00e4lityksess\u00e4 olevat majoituskohteet <\/strong> Varausj\u00e4rjestelm\u00e4ss\u00e4mme on kuvaukset suomeksi, englanniksi ja ven\u00e4j\u00e4ksi, runsaasti valokuvia kohteista ja yksityiskohtaiset tiedot palveluista. N\u00e4in asiakas voi vertailla, varata ja maksaa majoitusvarauksensa kaikessa rauhassa kotisohvallaan ja h\u00e4n saa saman tien vahvistuksen varauksesta s\u00e4hk\u00f6postiinsa. Reaaliaikainen nettivarausj\u00e4rjestelm\u00e4mme l\u00f6ytyy niin omilta syote.net -sivuiltamme kuin koko Sy\u00f6tteen alueen syote.fi -sivuston etusivulta. Omistajan nettiliittym\u00e4ll\u00e4 voi tehd\u00e4 omia varauksia ja seurata myynti- ja tilitystilannetta. Omistajaliittym\u00e4-palvelu on omistajalle maksuton. <strong>3. Sy\u00f6tteen keskusvaraamo on yksi nelj\u00e4st\u00e4 p\u00e4\u00e4toimijasta Sy\u00f6tteen yhteismarkkinoinnissa <\/strong> N\u00e4in p\u00e4\u00e4semme keskeisesti vaikuttamaan Sy\u00f6tteen markkinointiin, valittaviin medioihin ja sis\u00e4lt\u00f6ihin. Yrityksen oman markkinoinnin lis\u00e4ksi v\u00e4lityssopimukseen sis\u00e4ltyy mittava markkinointipaketti Suomen Keskusvaraamo konsernin sis\u00e4ll\u00e4. <strong>4. Sy\u00f6tteen keskusvaraamo hoitaa majoituskohteiden v\u00e4lityksen kokonaisvaltaisesti <\/strong> Sy\u00f6tteen keskusvaraamo hoitaa majoituksiin liittyen varaukset, raportoinnin kohteen omistajalle ja huoltohenkil\u00f6lle \/ avaimennoutopaikkaan sek\u00e4 tilitykset kohteen omistajalle. L\u00e4ht\u00f6kohtaisesti majoituskohteen siivouksesta, huollosta ja avaimennoutopaikasta kohteen omistaja sopii Sy\u00f6tteen alueella paikan p\u00e4\u00e4ll\u00e4 olevan tahon kanssa. J\u00e4rjestelm\u00e4, joka perustuu ennakkolaskutukseen, karsii pois luottotappio- ja viime hetken peruutusmahdollisuudet. <strong>5. Sy\u00f6tteen keskusvaraamo on luotettava <\/strong> Toimimme kaikkien s\u00e4\u00e4dettyjen lakien ja asetusten mukaisesti turvataksemme m\u00f6kin omistajan aseman. V\u00e4lityksess\u00e4mme olevien m\u00f6kkien omistajat saavat k\u00e4ytt\u00f6\u00f6ns\u00e4 M\u00f6kin omistajan oppaan, jossa tarkastellaan perusteellisesti v\u00e4litysprosessia kaikkien osapuolten n\u00e4k\u00f6kulmasta. <strong>6. Sin\u00e4 p\u00e4\u00e4t\u00e4t<\/strong> Voit antaa majoituskohteesi Sy\u00f6tteen keskusvaraamo v\u00e4litykseen milloin vain. Laitamme uudet kohteet heti myyntiin ja reaaliaikaiseen nettivarausj\u00e4rjestelm\u00e4\u00e4n. Omia varauksia voit tehd\u00e4 t\u00e4ysin vapaasti, k\u00e4tevimmin omistajaliittym\u00e4n kautta. Me emme peri palkkioita muusta kuin tekemist\u00e4mme varauksista. Ota rohkeasti yhteytt\u00e4 niin laitetaan majoituskohteesi tuottamaan! Kerromme mielell\u00e4mme lis\u00e4\u00e4.[\/vc_column_text][\/vc_column][\/vc_row][vc_row css_animation=&#8221;&#8221; row_type=&#8221;row&#8221; use_row_as_full_screen_section=&#8221;no&#8221; type=&#8221;grid&#8221; angled_section=&#8221;no&#8221; text_align=&#8221;left&#8221; background_image_as_pattern=&#8221;without_pattern&#8221; background_color=&#8221;#f6f6f6&#8243; z_index=&#8221;&#8221;][vc_column width=&#8221;2\/3&#8243; offset=&#8221;vc_col-lg-offset-2 vc_col-lg-8 vc_col-md-offset-1 vc_col-md-10 vc_col-sm-offset-0&#8243; css=&#8221;.vc_custom_1610510197753{padding-top: 5% !important;padding-bottom: 7% !important;}&#8221;][vc_column_text]<\/p>\n<h3>Tiedustele majoituskohteesi vuokrausta<\/h3>\n<p>[\/vc_column_text]\n<div class=\"wpcf7 no-js\" id=\"wpcf7-f18616-o1\" lang=\"en-US\" dir=\"ltr\" data-wpcf7-id=\"18616\">\n<div class=\"screen-reader-response\"><p role=\"status\" aria-live=\"polite\" aria-atomic=\"true\"><\/p> <ul><\/ul><\/div>\n<form action=\"\/en\/wp-json\/wp\/v2\/pages\/20247#wpcf7-f18616-o1\" method=\"post\" class=\"wpcf7-form init default\" aria-label=\"Contact form\" novalidate=\"novalidate\" data-status=\"init\">\n<fieldset class=\"hidden-fields-container\"><input type=\"hidden\" name=\"_wpcf7\" value=\"18616\" \/><input type=\"hidden\" name=\"_wpcf7_version\" value=\"6.1.5\" \/><input type=\"hidden\" name=\"_wpcf7_locale\" value=\"en_US\" \/><input type=\"hidden\" name=\"_wpcf7_unit_tag\" value=\"wpcf7-f18616-o1\" \/><input type=\"hidden\" name=\"_wpcf7_container_post\" value=\"0\" \/><input type=\"hidden\" name=\"_wpcf7_posted_data_hash\" value=\"\" \/>\n<\/fieldset>\n<p><label> Kohteen sijainti\/osoite *<br \/>\n<span class=\"wpcf7-form-control-wrap\" data-name=\"your-cottageaddress\"><textarea cols=\"40\" rows=\"10\" maxlength=\"2000\" class=\"wpcf7-form-control wpcf7-textarea wpcf7-validates-as-required\" aria-required=\"true\" aria-invalid=\"false\" name=\"your-cottageaddress\"><\/textarea><\/span> <\/label>\n<\/p>\n<p><label> Kohteen tiedot (koko, makuuhuoneiden m\u00e4\u00e4r\u00e4, varustelu yms.) *<br \/>\n<span class=\"wpcf7-form-control-wrap\" data-name=\"your-cottage\"><textarea cols=\"40\" rows=\"10\" maxlength=\"2000\" class=\"wpcf7-form-control wpcf7-textarea wpcf7-validates-as-required\" aria-required=\"true\" aria-invalid=\"false\" name=\"your-cottage\"><\/textarea><\/span> <\/label>\n<\/p>\n<p><label> Nimi *<br \/>\n<span class=\"wpcf7-form-control-wrap\" data-name=\"your-name\"><input size=\"40\" maxlength=\"400\" class=\"wpcf7-form-control wpcf7-text wpcf7-validates-as-required\" aria-required=\"true\" aria-invalid=\"false\" value=\"\" type=\"text\" name=\"your-name\" \/><\/span> <\/label>\n<\/p>\n<p><label> Osoite *<br \/>\n<span class=\"wpcf7-form-control-wrap\" data-name=\"your-address\"><input size=\"40\" maxlength=\"400\" class=\"wpcf7-form-control wpcf7-text wpcf7-validates-as-required\" aria-required=\"true\" aria-invalid=\"false\" value=\"\" type=\"text\" name=\"your-address\" \/><\/span> <\/label>\n<\/p>\n<p><label> Puhelinnumero *<br \/>\n<span class=\"wpcf7-form-control-wrap\" data-name=\"your-phone\"><input size=\"40\" maxlength=\"400\" class=\"wpcf7-form-control wpcf7-text wpcf7-validates-as-required\" aria-required=\"true\" aria-invalid=\"false\" value=\"\" type=\"text\" name=\"your-phone\" \/><\/span> <\/label>\n<\/p>\n<p><label> S\u00e4hk\u00f6posti *<br \/>\n<span class=\"wpcf7-form-control-wrap\" data-name=\"your-email\"><input size=\"40\" maxlength=\"400\" class=\"wpcf7-form-control wpcf7-email wpcf7-validates-as-required wpcf7-text wpcf7-validates-as-email\" aria-required=\"true\" aria-invalid=\"false\" value=\"\" type=\"email\" name=\"your-email\" \/><\/span> <\/label>\n<\/p>\n<p><input class=\"wpcf7-form-control wpcf7-submit has-spinner\" type=\"submit\" value=\"L\u00e4het\u00e4\" \/>\n<\/p><div class=\"wpcf7-response-output\" aria-hidden=\"true\"><\/div>\n<\/form>\n<\/div>\n[\/vc_column][\/vc_row]<\/p>\n<\/div>","protected":false},"excerpt":{"rendered":"<p>[vc_row css_animation=&#8221;&#8221; row_type=&#8221;row&#8221; use_row_as_full_screen_section=&#8221;no&#8221; type=&#8221;full_width&#8221; angled_section=&#8221;no&#8221; text_align=&#8221;left&#8221; background_image_as_pattern=&#8221;without_pattern&#8221;][vc_column][\/vc_column][\/vc_row][vc_row css_animation=&#8221;&#8221; row_type=&#8221;row&#8221; use_row_as_full_screen_section=&#8221;no&#8221; type=&#8221;grid&#8221; angled_section=&#8221;no&#8221; text_align=&#8221;left&#8221; background_image_as_pattern=&#8221;without_pattern&#8221; background_color=&#8221;#ffffff&#8221; z_index=&#8221;&#8221;][vc_column width=&#8221;2\/3&#8243; offset=&#8221;vc_col-lg-offset-2 vc_col-lg-8 vc_col-md-offset-1 vc_col-md-10 vc_col-sm-offset-0&#8243; css=&#8221;.vc_custom_1612783939139{padding-top: 5% !important;padding-bottom: 5% !important;}&#8221;][vc_column_text] Arvoisa majoituskohteen omistaja, [\/vc_column_text][vc_column_text]Vapaa-ajan asunnon omistaminen Sy\u00f6tteell\u00e4 mahdollistaa majoituskohteen hy\u00f6dynt\u00e4misen vuokrausk\u00e4yt\u00f6ss\u00e4. Sy\u00f6tteen keskusvaraamo on Sy\u00f6tteen alueen johtava&#8230;<\/p>\n","protected":false},"author":13,"featured_media":0,"parent":0,"menu_order":0,"comment_status":"closed","ping_status":"closed","template":"full_width.php","meta":{"footnotes":""},"class_list":["post-20247","page","type-page","status-publish","hentry"],"featured_image_src":null,"yoast_head":"<!-- This site is optimized with the Yoast SEO plugin v27.4 - https:\/\/yoast.com\/product\/yoast-seo-wordpress\/ -->\n<title>M\u00f6kki tuottamaan - Sy\u00f6te Keskusvaraamo<\/title>\n<meta name=\"robots\" content=\"index, follow, max-snippet:-1, max-image-preview:large, max-video-preview:-1\" \/>\n<link rel=\"canonical\" href=\"https:\/\/syote.net\/en\/mokki-tuottamaan\/\" \/>\n<meta property=\"og:locale\" content=\"en_US\" \/>\n<meta property=\"og:type\" content=\"article\" \/>\n<meta property=\"og:title\" content=\"M\u00f6kki tuottamaan - Sy\u00f6te Keskusvaraamo\" \/>\n<meta property=\"og:description\" content=\"[vc_row css_animation=&#8221;&#8221; row_type=&#8221;row&#8221; use_row_as_full_screen_section=&#8221;no&#8221; type=&#8221;full_width&#8221; angled_section=&#8221;no&#8221; text_align=&#8221;left&#8221; background_image_as_pattern=&#8221;without_pattern&#8221;][vc_column][\/vc_column][\/vc_row][vc_row css_animation=&#8221;&#8221; row_type=&#8221;row&#8221; use_row_as_full_screen_section=&#8221;no&#8221; type=&#8221;grid&#8221; angled_section=&#8221;no&#8221; text_align=&#8221;left&#8221; background_image_as_pattern=&#8221;without_pattern&#8221; background_color=&#8221;#ffffff&#8221; z_index=&#8221;&#8221;][vc_column width=&#8221;2\/3&#8243; offset=&#8221;vc_col-lg-offset-2 vc_col-lg-8 vc_col-md-offset-1 vc_col-md-10 vc_col-sm-offset-0&#8243; css=&#8221;.vc_custom_1612783939139{padding-top: 5% !important;padding-bottom: 5% !important;}&#8221;][vc_column_text] Arvoisa majoituskohteen omistaja, [\/vc_column_text][vc_column_text]Vapaa-ajan asunnon omistaminen Sy\u00f6tteell\u00e4 mahdollistaa majoituskohteen hy\u00f6dynt\u00e4misen vuokrausk\u00e4yt\u00f6ss\u00e4. Sy\u00f6tteen keskusvaraamo on Sy\u00f6tteen alueen johtava...\" \/>\n<meta property=\"og:url\" content=\"https:\/\/syote.net\/en\/mokki-tuottamaan\/\" \/>\n<meta property=\"og:site_name\" content=\"Sy\u00f6te Keskusvaraamo\" \/>\n<meta name=\"twitter:card\" content=\"summary_large_image\" \/>\n<meta name=\"twitter:label1\" content=\"Est. reading time\" \/>\n\t<meta name=\"twitter:data1\" content=\"3 minutes\" \/>\n<script type=\"application\/ld+json\" class=\"yoast-schema-graph\">{\"@context\":\"https:\\\/\\\/schema.org\",\"@graph\":[{\"@type\":\"WebPage\",\"@id\":\"https:\\\/\\\/syote.net\\\/en\\\/mokki-tuottamaan\\\/\",\"url\":\"https:\\\/\\\/syote.net\\\/en\\\/mokki-tuottamaan\\\/\",\"name\":\"M\u00f6kki tuottamaan - Sy\u00f6te Keskusvaraamo\",\"isPartOf\":{\"@id\":\"https:\\\/\\\/syote.net\\\/en\\\/#website\"},\"datePublished\":\"2021-02-22T20:46:39+00:00\",\"breadcrumb\":{\"@id\":\"https:\\\/\\\/syote.net\\\/en\\\/mokki-tuottamaan\\\/#breadcrumb\"},\"inLanguage\":\"en-US\",\"potentialAction\":[{\"@type\":\"ReadAction\",\"target\":[\"https:\\\/\\\/syote.net\\\/en\\\/mokki-tuottamaan\\\/\"]}]},{\"@type\":\"BreadcrumbList\",\"@id\":\"https:\\\/\\\/syote.net\\\/en\\\/mokki-tuottamaan\\\/#breadcrumb\",\"itemListElement\":[{\"@type\":\"ListItem\",\"position\":1,\"name\":\"Home\",\"item\":\"https:\\\/\\\/syote.net\\\/en\\\/\"},{\"@type\":\"ListItem\",\"position\":2,\"name\":\"M\u00f6kki tuottamaan\"}]},{\"@type\":\"WebSite\",\"@id\":\"https:\\\/\\\/syote.net\\\/en\\\/#website\",\"url\":\"https:\\\/\\\/syote.net\\\/en\\\/\",\"name\":\"Sy\u00f6te Keskusvaraamo\",\"description\":\"\",\"potentialAction\":[{\"@type\":\"SearchAction\",\"target\":{\"@type\":\"EntryPoint\",\"urlTemplate\":\"https:\\\/\\\/syote.net\\\/en\\\/?s={search_term_string}\"},\"query-input\":{\"@type\":\"PropertyValueSpecification\",\"valueRequired\":true,\"valueName\":\"search_term_string\"}}],\"inLanguage\":\"en-US\"}]}<\/script>\n<!-- \/ Yoast SEO plugin. -->","yoast_head_json":{"title":"M\u00f6kki tuottamaan - Sy\u00f6te Keskusvaraamo","robots":{"index":"index","follow":"follow","max-snippet":"max-snippet:-1","max-image-preview":"max-image-preview:large","max-video-preview":"max-video-preview:-1"},"canonical":"https:\/\/syote.net\/en\/mokki-tuottamaan\/","og_locale":"en_US","og_type":"article","og_title":"M\u00f6kki tuottamaan - Sy\u00f6te Keskusvaraamo","og_description":"[vc_row css_animation=&#8221;&#8221; row_type=&#8221;row&#8221; use_row_as_full_screen_section=&#8221;no&#8221; type=&#8221;full_width&#8221; angled_section=&#8221;no&#8221; text_align=&#8221;left&#8221; background_image_as_pattern=&#8221;without_pattern&#8221;][vc_column][\/vc_column][\/vc_row][vc_row css_animation=&#8221;&#8221; row_type=&#8221;row&#8221; use_row_as_full_screen_section=&#8221;no&#8221; type=&#8221;grid&#8221; angled_section=&#8221;no&#8221; text_align=&#8221;left&#8221; background_image_as_pattern=&#8221;without_pattern&#8221; background_color=&#8221;#ffffff&#8221; z_index=&#8221;&#8221;][vc_column width=&#8221;2\/3&#8243; offset=&#8221;vc_col-lg-offset-2 vc_col-lg-8 vc_col-md-offset-1 vc_col-md-10 vc_col-sm-offset-0&#8243; css=&#8221;.vc_custom_1612783939139{padding-top: 5% !important;padding-bottom: 5% !important;}&#8221;][vc_column_text] Arvoisa majoituskohteen omistaja, [\/vc_column_text][vc_column_text]Vapaa-ajan asunnon omistaminen Sy\u00f6tteell\u00e4 mahdollistaa majoituskohteen hy\u00f6dynt\u00e4misen vuokrausk\u00e4yt\u00f6ss\u00e4. Sy\u00f6tteen keskusvaraamo on Sy\u00f6tteen alueen johtava...","og_url":"https:\/\/syote.net\/en\/mokki-tuottamaan\/","og_site_name":"Sy\u00f6te Keskusvaraamo","twitter_card":"summary_large_image","twitter_misc":{"Est. reading time":"3 minutes"},"schema":{"@context":"https:\/\/schema.org","@graph":[{"@type":"WebPage","@id":"https:\/\/syote.net\/en\/mokki-tuottamaan\/","url":"https:\/\/syote.net\/en\/mokki-tuottamaan\/","name":"M\u00f6kki tuottamaan - Sy\u00f6te Keskusvaraamo","isPartOf":{"@id":"https:\/\/syote.net\/en\/#website"},"datePublished":"2021-02-22T20:46:39+00:00","breadcrumb":{"@id":"https:\/\/syote.net\/en\/mokki-tuottamaan\/#breadcrumb"},"inLanguage":"en-US","potentialAction":[{"@type":"ReadAction","target":["https:\/\/syote.net\/en\/mokki-tuottamaan\/"]}]},{"@type":"BreadcrumbList","@id":"https:\/\/syote.net\/en\/mokki-tuottamaan\/#breadcrumb","itemListElement":[{"@type":"ListItem","position":1,"name":"Home","item":"https:\/\/syote.net\/en\/"},{"@type":"ListItem","position":2,"name":"M\u00f6kki tuottamaan"}]},{"@type":"WebSite","@id":"https:\/\/syote.net\/en\/#website","url":"https:\/\/syote.net\/en\/","name":"Sy\u00f6te Keskusvaraamo","description":"","potentialAction":[{"@type":"SearchAction","target":{"@type":"EntryPoint","urlTemplate":"https:\/\/syote.net\/en\/?s={search_term_string}"},"query-input":{"@type":"PropertyValueSpecification","valueRequired":true,"valueName":"search_term_string"}}],"inLanguage":"en-US"}]}},"_links":{"self":[{"href":"https:\/\/syote.net\/en\/wp-json\/wp\/v2\/pages\/20247","targetHints":{"allow":["GET"]}}],"collection":[{"href":"https:\/\/syote.net\/en\/wp-json\/wp\/v2\/pages"}],"about":[{"href":"https:\/\/syote.net\/en\/wp-json\/wp\/v2\/types\/page"}],"author":[{"embeddable":true,"href":"https:\/\/syote.net\/en\/wp-json\/wp\/v2\/users\/13"}],"replies":[{"embeddable":true,"href":"https:\/\/syote.net\/en\/wp-json\/wp\/v2\/comments?post=20247"}],"version-history":[{"count":0,"href":"https:\/\/syote.net\/en\/wp-json\/wp\/v2\/pages\/20247\/revisions"}],"wp:attachment":[{"href":"https:\/\/syote.net\/en\/wp-json\/wp\/v2\/media?parent=20247"}],"curies":[{"name":"wp","href":"https:\/\/api.w.org\/{rel}","templated":true}]}}