{"id":20241,"date":"2018-11-06T03:13:52","date_gmt":"2018-11-06T01:13:52","guid":{"rendered":"https:\/\/syote.net\/week-calendar\/"},"modified":"2024-11-26T14:47:34","modified_gmt":"2024-11-26T12:47:34","slug":"weekly_calendar","status":"publish","type":"page","link":"https:\/\/syote.net\/en\/weekly_calendar\/","title":{"rendered":"Weekly calendar"},"content":{"rendered":"<div class=\"wpb-content-wrapper\"><p>[vc_row css_animation=&#8221;&#8221; row_type=&#8221;row&#8221; use_row_as_full_screen_section=&#8221;no&#8221; type=&#8221;full_width&#8221; angled_section=&#8221;no&#8221; text_align=&#8221;left&#8221; background_image_as_pattern=&#8221;without_pattern&#8221;][vc_column]\n\t\t\t\t<p class=\"rs-p-wp-fix\"><\/p>\n\t\t\t\t<sr7-module data-alias=\"weekly-calendar\" data-id=\"216\" id=\"SR7_216_1\" class=\"rs-ov-hidden\" data-version=\"6.7.51\">\n\t\t\t\t\t<sr7-adjuster><\/sr7-adjuster>\n\t\t\t\t\t<sr7-content>\n\t\t\t\t\t\t<sr7-slide id=\"SR7_216_1-45\" data-key=\"45\">\n\t\t\t\t\t\t\t<sr7-bg id=\"SR7_216_1-45-2\" class=\"sr7-layer\"><noscript><img decoding=\"async\" src=\"https:\/\/ewkmf6uwzwp.exactdn.com\/wp-content\/uploads\/2026\/03\/Vaaka-Miia-valjakolla-viilettaa-vieresta-oikealta-Upea-valo_pienennetty.jpg?strip=all\" alt=\"\" title=\"Vaaka Miia valjakolla viilett\u00e4\u00e4 vierest\u00e4 oikealta Upea valo_pienennetty\"><\/noscript><\/sr7-bg>\n\t\t\t\t\t\t\t<h2 id=\"SR7_216_1-45-1\" class=\"sr7-layer\">Weekly calendar<\/h2>\n\t\t\t\t\t\t<\/sr7-slide>\n\t\t\t\t\t\t<sr7-slide id=\"SR7_216_1-79\" data-key=\"79\">\n\t\t\t\t\t\t<\/sr7-slide>\n\t\t\t\t\t<\/sr7-content>\n\t\t\t\t<\/sr7-module>\n\t\t\t\t<script>\n\t\t\t\t\twindow.SR7 ??={};SR7.PMH ??={}; SR7.PMH[\"SR7_216_1\"] = {cn:100,state:false,fn: function() { if (window._tpt!==undefined && window._tpt.prepareModuleHeight !== undefined) {  _tpt.prepareModuleHeight({id:\"SR7_216_1\",el:[420,420,420,420,400],type:'hero',shdw:'0',gh:[420,420,420,420,400],gw:[1240,1240,1240,1240,480],vpt:['20%&#039;,&#039;20%&#039;,&#039;20%&#039;,&#039;20%&#039;,&#039;20%'],size:{fullWidth:true, fullHeight:false},mh:'0',onh:0,onw:0,bg:{color:'{\"orig\":\"transparent\",\"type\":\"solid\",\"string\":\"transparent\"}'},plType:'-1',plColor:'#FFFFFF'});   SR7.PMH[\"SR7_216_1\"].state=true;} else if(SR7.PMH[\"SR7_216_1\"].cn-->0)\tsetTimeout( SR7.PMH[\"SR7_216_1\"].fn,19);}};SR7.PMH[\"SR7_216_1\" ].fn();\n\t\t\t\t<\/script>\n[\/vc_column][\/vc_row][vc_row css_animation=&#8221;&#8221; row_type=&#8221;row&#8221; use_row_as_full_screen_section=&#8221;no&#8221; type=&#8221;grid&#8221; angled_section=&#8221;no&#8221; text_align=&#8221;center&#8221; background_image_as_pattern=&#8221;without_pattern&#8221; background_color=&#8221;#ffffff&#8221;][vc_column offset=&#8221;vc_col-lg-offset-1 vc_col-lg-10 vc_col-md-offset-0 vc_col-md-12 vc_col-sm-offset-0&#8243; css=&#8221;.vc_custom_1579842174938{padding-top: 5% !important;padding-right: 15% !important;padding-bottom: 5.5% !important;padding-left: 15% !important;}&#8221;][vc_column_text css=&#8221;&#8221;]<\/p>\n<p style=\"text-align: center;\">You can browse the safaris and excursions from our weekly calendar.<\/p>\n<p style=\"text-align: center;\">Please note that weekly program programs can be booked no earlier than 3 days before the start date.<\/p>\n<p style=\"text-align: center;\">If you find something that interests you, <a href=\"https:\/\/syote.net\/en\/contact_us\/\" target=\"_blank\" rel=\"noopener noreferrer\">contact our sales<\/a>!<\/p>\n<p>[\/vc_column_text][\/vc_column][\/vc_row][vc_row css_animation=&#8221;&#8221; row_type=&#8221;row&#8221; use_row_as_full_screen_section=&#8221;no&#8221; type=&#8221;grid&#8221; angled_section=&#8221;no&#8221; text_align=&#8221;center&#8221; background_image_as_pattern=&#8221;without_pattern&#8221; background_color=&#8221;#ffffff&#8221; z_index=&#8221;&#8221;][vc_column css=&#8221;.vc_custom_1541635352950{padding-bottom: 7% !important;}&#8221;][vc_raw_html]JTNDd2lucmVzLXNjaGVkdWxlJTIwd2Vlay1jYWxlbmRhciUzRCUyMnRydWUlMjIlM0UlM0MlMkZ3aW5yZXMtc2NoZWR1bGUlM0U=[\/vc_raw_html][\/vc_column][\/vc_row]<\/p>\n<\/div>","protected":false},"excerpt":{"rendered":"<p>[vc_row css_animation=&#8221;&#8221; row_type=&#8221;row&#8221; use_row_as_full_screen_section=&#8221;no&#8221; type=&#8221;full_width&#8221; angled_section=&#8221;no&#8221; text_align=&#8221;left&#8221; background_image_as_pattern=&#8221;without_pattern&#8221;][vc_column][\/vc_column][\/vc_row][vc_row css_animation=&#8221;&#8221; row_type=&#8221;row&#8221; use_row_as_full_screen_section=&#8221;no&#8221; type=&#8221;grid&#8221; angled_section=&#8221;no&#8221; text_align=&#8221;center&#8221; background_image_as_pattern=&#8221;without_pattern&#8221; background_color=&#8221;#ffffff&#8221;][vc_column offset=&#8221;vc_col-lg-offset-1 vc_col-lg-10 vc_col-md-offset-0 vc_col-md-12 vc_col-sm-offset-0&#8243; css=&#8221;.vc_custom_1579842174938{padding-top: 5% !important;padding-right: 15% !important;padding-bottom: 5.5% !important;padding-left: 15% !important;}&#8221;][vc_column_text css=&#8221;&#8221;] You can browse the safaris and excursions from our weekly calendar. Please note that&#8230;<\/p>\n","protected":false},"author":4,"featured_media":0,"parent":0,"menu_order":0,"comment_status":"closed","ping_status":"closed","template":"full_width.php","meta":{"footnotes":""},"class_list":["post-20241","page","type-page","status-publish","hentry"],"featured_image_src":null,"yoast_head":"<!-- This site is optimized with the Yoast SEO plugin v27.3 - https:\/\/yoast.com\/product\/yoast-seo-wordpress\/ -->\n<title>Weekly calendar - Sy\u00f6te Keskusvaraamo<\/title>\n<meta name=\"robots\" content=\"index, follow, max-snippet:-1, max-image-preview:large, max-video-preview:-1\" \/>\n<link rel=\"canonical\" href=\"https:\/\/syote.net\/en\/weekly_calendar\/\" \/>\n<meta property=\"og:locale\" content=\"en_US\" \/>\n<meta property=\"og:type\" content=\"article\" \/>\n<meta property=\"og:title\" content=\"Weekly calendar - Sy\u00f6te Keskusvaraamo\" \/>\n<meta property=\"og:description\" content=\"[vc_row css_animation=&#8221;&#8221; row_type=&#8221;row&#8221; use_row_as_full_screen_section=&#8221;no&#8221; type=&#8221;full_width&#8221; angled_section=&#8221;no&#8221; text_align=&#8221;left&#8221; background_image_as_pattern=&#8221;without_pattern&#8221;][vc_column][\/vc_column][\/vc_row][vc_row css_animation=&#8221;&#8221; row_type=&#8221;row&#8221; use_row_as_full_screen_section=&#8221;no&#8221; type=&#8221;grid&#8221; angled_section=&#8221;no&#8221; text_align=&#8221;center&#8221; background_image_as_pattern=&#8221;without_pattern&#8221; background_color=&#8221;#ffffff&#8221;][vc_column offset=&#8221;vc_col-lg-offset-1 vc_col-lg-10 vc_col-md-offset-0 vc_col-md-12 vc_col-sm-offset-0&#8243; css=&#8221;.vc_custom_1579842174938{padding-top: 5% !important;padding-right: 15% !important;padding-bottom: 5.5% !important;padding-left: 15% !important;}&#8221;][vc_column_text css=&#8221;&#8221;] You can browse the safaris and excursions from our weekly calendar. Please note that...\" \/>\n<meta property=\"og:url\" content=\"https:\/\/syote.net\/en\/weekly_calendar\/\" \/>\n<meta property=\"og:site_name\" content=\"Sy\u00f6te Keskusvaraamo\" \/>\n<meta property=\"article:modified_time\" content=\"2024-11-26T12:47:34+00:00\" \/>\n<meta name=\"twitter:card\" content=\"summary_large_image\" \/>\n<meta name=\"twitter:label1\" content=\"Est. reading time\" \/>\n\t<meta name=\"twitter:data1\" content=\"1 minute\" \/>\n<script type=\"application\/ld+json\" class=\"yoast-schema-graph\">{\"@context\":\"https:\\\/\\\/schema.org\",\"@graph\":[{\"@type\":\"WebPage\",\"@id\":\"https:\\\/\\\/syote.net\\\/en\\\/weekly_calendar\\\/\",\"url\":\"https:\\\/\\\/syote.net\\\/en\\\/weekly_calendar\\\/\",\"name\":\"Weekly calendar - Sy\u00f6te Keskusvaraamo\",\"isPartOf\":{\"@id\":\"https:\\\/\\\/syote.net\\\/en\\\/#website\"},\"datePublished\":\"2018-11-06T01:13:52+00:00\",\"dateModified\":\"2024-11-26T12:47:34+00:00\",\"breadcrumb\":{\"@id\":\"https:\\\/\\\/syote.net\\\/en\\\/weekly_calendar\\\/#breadcrumb\"},\"inLanguage\":\"en-US\",\"potentialAction\":[{\"@type\":\"ReadAction\",\"target\":[\"https:\\\/\\\/syote.net\\\/en\\\/weekly_calendar\\\/\"]}]},{\"@type\":\"BreadcrumbList\",\"@id\":\"https:\\\/\\\/syote.net\\\/en\\\/weekly_calendar\\\/#breadcrumb\",\"itemListElement\":[{\"@type\":\"ListItem\",\"position\":1,\"name\":\"Home\",\"item\":\"https:\\\/\\\/syote.net\\\/en\\\/\"},{\"@type\":\"ListItem\",\"position\":2,\"name\":\"Weekly calendar\"}]},{\"@type\":\"WebSite\",\"@id\":\"https:\\\/\\\/syote.net\\\/en\\\/#website\",\"url\":\"https:\\\/\\\/syote.net\\\/en\\\/\",\"name\":\"Sy\u00f6te Keskusvaraamo\",\"description\":\"\",\"potentialAction\":[{\"@type\":\"SearchAction\",\"target\":{\"@type\":\"EntryPoint\",\"urlTemplate\":\"https:\\\/\\\/syote.net\\\/en\\\/?s={search_term_string}\"},\"query-input\":{\"@type\":\"PropertyValueSpecification\",\"valueRequired\":true,\"valueName\":\"search_term_string\"}}],\"inLanguage\":\"en-US\"}]}<\/script>\n<!-- \/ Yoast SEO plugin. -->","yoast_head_json":{"title":"Weekly calendar - Sy\u00f6te Keskusvaraamo","robots":{"index":"index","follow":"follow","max-snippet":"max-snippet:-1","max-image-preview":"max-image-preview:large","max-video-preview":"max-video-preview:-1"},"canonical":"https:\/\/syote.net\/en\/weekly_calendar\/","og_locale":"en_US","og_type":"article","og_title":"Weekly calendar - Sy\u00f6te Keskusvaraamo","og_description":"[vc_row css_animation=&#8221;&#8221; row_type=&#8221;row&#8221; use_row_as_full_screen_section=&#8221;no&#8221; type=&#8221;full_width&#8221; angled_section=&#8221;no&#8221; text_align=&#8221;left&#8221; background_image_as_pattern=&#8221;without_pattern&#8221;][vc_column][\/vc_column][\/vc_row][vc_row css_animation=&#8221;&#8221; row_type=&#8221;row&#8221; use_row_as_full_screen_section=&#8221;no&#8221; type=&#8221;grid&#8221; angled_section=&#8221;no&#8221; text_align=&#8221;center&#8221; background_image_as_pattern=&#8221;without_pattern&#8221; background_color=&#8221;#ffffff&#8221;][vc_column offset=&#8221;vc_col-lg-offset-1 vc_col-lg-10 vc_col-md-offset-0 vc_col-md-12 vc_col-sm-offset-0&#8243; css=&#8221;.vc_custom_1579842174938{padding-top: 5% !important;padding-right: 15% !important;padding-bottom: 5.5% !important;padding-left: 15% !important;}&#8221;][vc_column_text css=&#8221;&#8221;] You can browse the safaris and excursions from our weekly calendar. Please note that...","og_url":"https:\/\/syote.net\/en\/weekly_calendar\/","og_site_name":"Sy\u00f6te Keskusvaraamo","article_modified_time":"2024-11-26T12:47:34+00:00","twitter_card":"summary_large_image","twitter_misc":{"Est. reading time":"1 minute"},"schema":{"@context":"https:\/\/schema.org","@graph":[{"@type":"WebPage","@id":"https:\/\/syote.net\/en\/weekly_calendar\/","url":"https:\/\/syote.net\/en\/weekly_calendar\/","name":"Weekly calendar - Sy\u00f6te Keskusvaraamo","isPartOf":{"@id":"https:\/\/syote.net\/en\/#website"},"datePublished":"2018-11-06T01:13:52+00:00","dateModified":"2024-11-26T12:47:34+00:00","breadcrumb":{"@id":"https:\/\/syote.net\/en\/weekly_calendar\/#breadcrumb"},"inLanguage":"en-US","potentialAction":[{"@type":"ReadAction","target":["https:\/\/syote.net\/en\/weekly_calendar\/"]}]},{"@type":"BreadcrumbList","@id":"https:\/\/syote.net\/en\/weekly_calendar\/#breadcrumb","itemListElement":[{"@type":"ListItem","position":1,"name":"Home","item":"https:\/\/syote.net\/en\/"},{"@type":"ListItem","position":2,"name":"Weekly calendar"}]},{"@type":"WebSite","@id":"https:\/\/syote.net\/en\/#website","url":"https:\/\/syote.net\/en\/","name":"Sy\u00f6te Keskusvaraamo","description":"","potentialAction":[{"@type":"SearchAction","target":{"@type":"EntryPoint","urlTemplate":"https:\/\/syote.net\/en\/?s={search_term_string}"},"query-input":{"@type":"PropertyValueSpecification","valueRequired":true,"valueName":"search_term_string"}}],"inLanguage":"en-US"}]}},"_links":{"self":[{"href":"https:\/\/syote.net\/en\/wp-json\/wp\/v2\/pages\/20241","targetHints":{"allow":["GET"]}}],"collection":[{"href":"https:\/\/syote.net\/en\/wp-json\/wp\/v2\/pages"}],"about":[{"href":"https:\/\/syote.net\/en\/wp-json\/wp\/v2\/types\/page"}],"author":[{"embeddable":true,"href":"https:\/\/syote.net\/en\/wp-json\/wp\/v2\/users\/4"}],"replies":[{"embeddable":true,"href":"https:\/\/syote.net\/en\/wp-json\/wp\/v2\/comments?post=20241"}],"version-history":[{"count":5,"href":"https:\/\/syote.net\/en\/wp-json\/wp\/v2\/pages\/20241\/revisions"}],"predecessor-version":[{"id":40807,"href":"https:\/\/syote.net\/en\/wp-json\/wp\/v2\/pages\/20241\/revisions\/40807"}],"wp:attachment":[{"href":"https:\/\/syote.net\/en\/wp-json\/wp\/v2\/media?parent=20241"}],"curies":[{"name":"wp","href":"https:\/\/api.w.org\/{rel}","templated":true}]}}