{"id":20237,"date":"2020-10-08T15:02:02","date_gmt":"2020-10-08T12:02:02","guid":{"rendered":"https:\/\/syote.net\/kartat\/"},"modified":"2026-04-13T15:06:18","modified_gmt":"2026-04-13T12:06:18","slug":"maps","status":"publish","type":"page","link":"https:\/\/syote.net\/en\/maps\/","title":{"rendered":"Area maps"},"content":{"rendered":"<div class=\"wpb-content-wrapper\"><p>[vc_row css_animation=&#8221;&#8221; row_type=&#8221;row&#8221; use_row_as_full_screen_section=&#8221;no&#8221; type=&#8221;full_width&#8221; angled_section=&#8221;no&#8221; text_align=&#8221;left&#8221; background_image_as_pattern=&#8221;without_pattern&#8221;][vc_column]\n\t\t\t\t<p class=\"rs-p-wp-fix\"><\/p>\n\t\t\t\t<sr7-module data-alias=\"kartat-1\" data-id=\"200\" id=\"SR7_200_1\" class=\"rs-ov-hidden\" data-version=\"6.7.51\">\n\t\t\t\t\t<sr7-adjuster><\/sr7-adjuster>\n\t\t\t\t\t<sr7-content>\n\t\t\t\t\t\t<sr7-slide id=\"SR7_200_1-20\" data-key=\"20\">\n\t\t\t\t\t\t\t<sr7-bg id=\"SR7_200_1-20-2\" class=\"sr7-layer\"><noscript><img decoding=\"async\" src=\"https:\/\/ewkmf6uwzwp.exactdn.com\/wp-content\/uploads\/2022\/10\/tunturimajakyla-scaled.jpeg?strip=all\" alt=\"\" title=\"tunturimajakyl\u00e4\"><\/noscript><\/sr7-bg>\n\t\t\t\t\t\t\t<h2 id=\"SR7_200_1-20-1\" class=\"sr7-layer\">Maps<\/h2>\n\t\t\t\t\t\t<\/sr7-slide>\n\t\t\t\t\t\t<sr7-slide id=\"SR7_200_1-65\" data-key=\"65\">\n\t\t\t\t\t\t<\/sr7-slide>\n\t\t\t\t\t<\/sr7-content>\n\t\t\t\t<\/sr7-module>\n\t\t\t\t<script>\n\t\t\t\t\twindow.SR7 ??={};SR7.PMH ??={}; SR7.PMH[\"SR7_200_1\"] = {cn:100,state:false,fn: function() { if (window._tpt!==undefined && window._tpt.prepareModuleHeight !== undefined) {  _tpt.prepareModuleHeight({id:\"SR7_200_1\",el:[420,420,768,960,720],type:'hero',shdw:'0',gh:[420,420,347,264,163],gw:[1240,1240,1024,778,480],vpt:['20%'],size:{fullWidth:true, fullHeight:false},mh:'0',onh:0,onw:0,bg:{color:'{\"orig\":\"transparent\",\"type\":\"solid\",\"string\":\"transparent\"}'},plType:'-1',plColor:'#FFFFFF'});   SR7.PMH[\"SR7_200_1\"].state=true;} else if(SR7.PMH[\"SR7_200_1\"].cn-->0)\tsetTimeout( SR7.PMH[\"SR7_200_1\"].fn,19);}};SR7.PMH[\"SR7_200_1\" ].fn();\n\t\t\t\t<\/script>\n[\/vc_column][\/vc_row][vc_row css_animation=&#8221;&#8221; row_type=&#8221;row&#8221; use_row_as_full_screen_section=&#8221;no&#8221; type=&#8221;grid&#8221; angled_section=&#8221;no&#8221; text_align=&#8221;left&#8221; background_image_as_pattern=&#8221;without_pattern&#8221; background_color=&#8221;#ffffff&#8221; z_index=&#8221;&#8221;][vc_column width=&#8221;2\/3&#8243; offset=&#8221;vc_col-lg-offset-2 vc_col-lg-8 vc_col-md-offset-1 vc_col-md-10 vc_col-sm-offset-0&#8243; css=&#8221;.vc_custom_1579842389124{padding-top: 5% !important;padding-bottom: 10% !important;}&#8221;][vc_column_text]<\/p>\n<h3>Sy\u00f6te Booking Centre area maps<\/h3>\n<p>[\/vc_column_text][vc_column_text css=&#8221;&#8221;]<span class=\"VIiyi\" lang=\"en\"><span class=\"JLqJ4b ChMk0b\" data-language-for-alternatives=\"en\" data-language-to-translate-into=\"fi\" data-phrase-index=\"0\">You can print the Sy\u00f6te area map and cottage area maps directly from here.<\/span><\/span><\/p>\n<p><a title=\"Sy\u00f6te area map\" href=\"https:\/\/syote.net\/wp-content\/uploads\/2026\/04\/Syotteen-mokkialueet-A3-EN.pdf\" target=\"_blank\" rel=\"noopener noreferrer\"><strong>Sy\u00f6te area map<\/strong><\/a><\/p>\n<p><strong>Sy\u00f6te cottage area maps<br \/>\n<\/strong><\/p>\n<p><a title=\"Cottage area map Tunturimajakyl\u00e4\" href=\"https:\/\/syote.net\/wp-content\/uploads\/2026\/04\/Tunturimajakyla_en.pdf\" target=\"_blank\" rel=\"noopener noreferrer\"><strong>Tunturimajakyl\u00e4, on the top of Iso-Sy\u00f6te fell<\/strong><\/a><br \/>\n<a title=\"Cottage area map Ollukka\" href=\"https:\/\/syote.net\/wp-content\/uploads\/2026\/04\/Ollukka_en.pdf\" target=\"_blank\" rel=\"noopener noreferrer\"><strong>Ollukka, at the base of Iso-Sy\u00f6te fell<\/strong><\/a><br \/>\n<a title=\"Cottage area map Hulhava\" href=\"https:\/\/syote.net\/wp-content\/uploads\/2026\/04\/Hulhava_en.pdf\" target=\"_blank\" rel=\"noopener noreferrer\"><strong>Hulhava, at the base of Iso-Sy\u00f6te fell<\/strong><\/a><br \/>\n<a title=\"Cottage area map Luokkavaara\" href=\"https:\/\/syote.net\/wp-content\/uploads\/2026\/04\/Luokkavaara_en.pdf\" target=\"_blank\" rel=\"noopener noreferrer\"><strong>Luokkavaara<\/strong><br \/>\n<\/a><a title=\"Cottage area map Pikku-Sy\u00f6te\" href=\"https:\/\/syote.net\/wp-content\/uploads\/2026\/04\/Pikku-Syote_en.pdf\" target=\"_blank\" rel=\"noopener noreferrer\"><strong>Pikku-Sy\u00f6te <\/strong><\/a><br \/>\n<a title=\"Cottage area map Kelosy\u00f6te\" href=\"https:\/\/syote.net\/wp-content\/uploads\/2026\/04\/Kelosyote_en.pdf\" target=\"_blank\" rel=\"noopener noreferrer\"><strong>Kelosy\u00f6te<\/strong><\/a><br \/>\n<a title=\"Cottage area map Pytkyharju\" href=\"https:\/\/syote.net\/wp-content\/uploads\/2026\/04\/Arola-ja-Pytkynharju_en.pdf\" target=\"_blank\" rel=\"noopener noreferrer\"><strong>Arola and Pytkynharju<\/strong><\/a><\/p>\n<p><strong>Rokua cottage area map<\/strong><\/p>\n<p><strong><a title=\"Cottage area map Rokua\" href=\"https:\/\/syote.net\/wp-content\/uploads\/2026\/04\/Rokua_en.pdf\" target=\"_blank\" rel=\"noopener\">Rokua<\/a><\/strong>[\/vc_column_text][vc_empty_space height=&#8221;25px&#8221;][vc_column_text css=&#8221;&#8221;]<strong>You can also pre-order Sy\u00f6te area maps. We will mail them to you!<\/strong><\/p>\n<ul>\n<li><a href=\"https:\/\/julkaisut.metsa.fi\/wp-content\/uploads\/sites\/2\/2023\/06\/syote-paivareitit-kartat.pdf\">Sy\u00f6te day trails<\/a> -map 6 \u20ac + <span class=\"VIiyi\" lang=\"en\"><span class=\"JLqJ4b ChMk0b\" data-language-for-alternatives=\"en\" data-language-to-translate-into=\"fi\" data-phrase-index=\"0\">handling and postage fee of 4 \u20ac<\/span><\/span><\/li>\n<li>Cross-country skiing track and winter trails -map 6 \u20ac + <span class=\"VIiyi\" lang=\"en\"><span class=\"JLqJ4b ChMk0b\" data-language-for-alternatives=\"en\" data-language-to-translate-into=\"fi\" data-phrase-index=\"0\">handling and postage fee of 4 \u20ac<\/span><\/span><\/li>\n<li>Sy\u00f6te-Pudasj\u00e4rvi &amp; Kylm\u00e4luoma-Taivalkoski map 18 \u20ac + <span class=\"VIiyi\" lang=\"en\"><span class=\"JLqJ4b ChMk0b\" data-language-for-alternatives=\"en\" data-language-to-translate-into=\"fi\" data-phrase-index=\"0\">handling and postage fee of 7 \u20ac<\/span><\/span><\/li>\n<li>Tyvek &#8211; water resistant map of Sy\u00f6te national park 19,95 \u20ac + <span class=\"VIiyi\" lang=\"en\"><span class=\"JLqJ4b ChMk0b\" data-language-for-alternatives=\"en\" data-language-to-translate-into=\"fi\" data-phrase-index=\"0\">handling and postage fee of 7 \u20ac<\/span><\/span><\/li>\n<\/ul>\n<p>[\/vc_column_text][\/vc_column][\/vc_row]<\/p>\n<\/div>","protected":false},"excerpt":{"rendered":"<p>[vc_row css_animation=&#8221;&#8221; row_type=&#8221;row&#8221; use_row_as_full_screen_section=&#8221;no&#8221; type=&#8221;full_width&#8221; angled_section=&#8221;no&#8221; text_align=&#8221;left&#8221; background_image_as_pattern=&#8221;without_pattern&#8221;][vc_column][\/vc_column][\/vc_row][vc_row css_animation=&#8221;&#8221; row_type=&#8221;row&#8221; use_row_as_full_screen_section=&#8221;no&#8221; type=&#8221;grid&#8221; angled_section=&#8221;no&#8221; text_align=&#8221;left&#8221; background_image_as_pattern=&#8221;without_pattern&#8221; background_color=&#8221;#ffffff&#8221; z_index=&#8221;&#8221;][vc_column width=&#8221;2\/3&#8243; offset=&#8221;vc_col-lg-offset-2 vc_col-lg-8 vc_col-md-offset-1 vc_col-md-10 vc_col-sm-offset-0&#8243; css=&#8221;.vc_custom_1579842389124{padding-top: 5% !important;padding-bottom: 10% !important;}&#8221;][vc_column_text] Sy\u00f6te Booking Centre area maps [\/vc_column_text][vc_column_text css=&#8221;&#8221;]You can print the Sy\u00f6te area map and cottage area maps&#8230;<\/p>\n","protected":false},"author":14,"featured_media":0,"parent":0,"menu_order":0,"comment_status":"closed","ping_status":"closed","template":"","meta":{"footnotes":""},"class_list":["post-20237","page","type-page","status-publish","hentry"],"featured_image_src":null,"yoast_head":"<!-- This site is optimized with the Yoast SEO plugin v27.4 - https:\/\/yoast.com\/product\/yoast-seo-wordpress\/ -->\n<title>Area maps - Sy\u00f6te Keskusvaraamo<\/title>\n<meta name=\"robots\" content=\"index, follow, max-snippet:-1, max-image-preview:large, max-video-preview:-1\" \/>\n<link rel=\"canonical\" href=\"https:\/\/syote.net\/en\/maps\/\" \/>\n<meta property=\"og:locale\" content=\"en_US\" \/>\n<meta property=\"og:type\" content=\"article\" \/>\n<meta property=\"og:title\" content=\"Area maps - Sy\u00f6te Keskusvaraamo\" \/>\n<meta property=\"og:description\" content=\"[vc_row css_animation=&#8221;&#8221; row_type=&#8221;row&#8221; use_row_as_full_screen_section=&#8221;no&#8221; type=&#8221;full_width&#8221; angled_section=&#8221;no&#8221; text_align=&#8221;left&#8221; background_image_as_pattern=&#8221;without_pattern&#8221;][vc_column][\/vc_column][\/vc_row][vc_row css_animation=&#8221;&#8221; row_type=&#8221;row&#8221; use_row_as_full_screen_section=&#8221;no&#8221; type=&#8221;grid&#8221; angled_section=&#8221;no&#8221; text_align=&#8221;left&#8221; background_image_as_pattern=&#8221;without_pattern&#8221; background_color=&#8221;#ffffff&#8221; z_index=&#8221;&#8221;][vc_column width=&#8221;2\/3&#8243; offset=&#8221;vc_col-lg-offset-2 vc_col-lg-8 vc_col-md-offset-1 vc_col-md-10 vc_col-sm-offset-0&#8243; css=&#8221;.vc_custom_1579842389124{padding-top: 5% !important;padding-bottom: 10% !important;}&#8221;][vc_column_text] Sy\u00f6te Booking Centre area maps [\/vc_column_text][vc_column_text css=&#8221;&#8221;]You can print the Sy\u00f6te area map and cottage area maps...\" \/>\n<meta property=\"og:url\" content=\"https:\/\/syote.net\/en\/maps\/\" \/>\n<meta property=\"og:site_name\" content=\"Sy\u00f6te Keskusvaraamo\" \/>\n<meta property=\"article:modified_time\" content=\"2026-04-13T12:06:18+00:00\" \/>\n<meta name=\"twitter:card\" content=\"summary_large_image\" \/>\n<meta name=\"twitter:label1\" content=\"Est. reading time\" \/>\n\t<meta name=\"twitter:data1\" content=\"2 minutes\" \/>\n<script type=\"application\/ld+json\" class=\"yoast-schema-graph\">{\"@context\":\"https:\\\/\\\/schema.org\",\"@graph\":[{\"@type\":\"WebPage\",\"@id\":\"https:\\\/\\\/syote.net\\\/en\\\/maps\\\/\",\"url\":\"https:\\\/\\\/syote.net\\\/en\\\/maps\\\/\",\"name\":\"Area maps - Sy\u00f6te Keskusvaraamo\",\"isPartOf\":{\"@id\":\"https:\\\/\\\/syote.net\\\/en\\\/#website\"},\"datePublished\":\"2020-10-08T12:02:02+00:00\",\"dateModified\":\"2026-04-13T12:06:18+00:00\",\"breadcrumb\":{\"@id\":\"https:\\\/\\\/syote.net\\\/en\\\/maps\\\/#breadcrumb\"},\"inLanguage\":\"en-US\",\"potentialAction\":[{\"@type\":\"ReadAction\",\"target\":[\"https:\\\/\\\/syote.net\\\/en\\\/maps\\\/\"]}]},{\"@type\":\"BreadcrumbList\",\"@id\":\"https:\\\/\\\/syote.net\\\/en\\\/maps\\\/#breadcrumb\",\"itemListElement\":[{\"@type\":\"ListItem\",\"position\":1,\"name\":\"Home\",\"item\":\"https:\\\/\\\/syote.net\\\/en\\\/\"},{\"@type\":\"ListItem\",\"position\":2,\"name\":\"Area maps\"}]},{\"@type\":\"WebSite\",\"@id\":\"https:\\\/\\\/syote.net\\\/en\\\/#website\",\"url\":\"https:\\\/\\\/syote.net\\\/en\\\/\",\"name\":\"Sy\u00f6te Keskusvaraamo\",\"description\":\"\",\"potentialAction\":[{\"@type\":\"SearchAction\",\"target\":{\"@type\":\"EntryPoint\",\"urlTemplate\":\"https:\\\/\\\/syote.net\\\/en\\\/?s={search_term_string}\"},\"query-input\":{\"@type\":\"PropertyValueSpecification\",\"valueRequired\":true,\"valueName\":\"search_term_string\"}}],\"inLanguage\":\"en-US\"}]}<\/script>\n<!-- \/ Yoast SEO plugin. -->","yoast_head_json":{"title":"Area maps - Sy\u00f6te Keskusvaraamo","robots":{"index":"index","follow":"follow","max-snippet":"max-snippet:-1","max-image-preview":"max-image-preview:large","max-video-preview":"max-video-preview:-1"},"canonical":"https:\/\/syote.net\/en\/maps\/","og_locale":"en_US","og_type":"article","og_title":"Area maps - Sy\u00f6te Keskusvaraamo","og_description":"[vc_row css_animation=&#8221;&#8221; row_type=&#8221;row&#8221; use_row_as_full_screen_section=&#8221;no&#8221; type=&#8221;full_width&#8221; angled_section=&#8221;no&#8221; text_align=&#8221;left&#8221; background_image_as_pattern=&#8221;without_pattern&#8221;][vc_column][\/vc_column][\/vc_row][vc_row css_animation=&#8221;&#8221; row_type=&#8221;row&#8221; use_row_as_full_screen_section=&#8221;no&#8221; type=&#8221;grid&#8221; angled_section=&#8221;no&#8221; text_align=&#8221;left&#8221; background_image_as_pattern=&#8221;without_pattern&#8221; background_color=&#8221;#ffffff&#8221; z_index=&#8221;&#8221;][vc_column width=&#8221;2\/3&#8243; offset=&#8221;vc_col-lg-offset-2 vc_col-lg-8 vc_col-md-offset-1 vc_col-md-10 vc_col-sm-offset-0&#8243; css=&#8221;.vc_custom_1579842389124{padding-top: 5% !important;padding-bottom: 10% !important;}&#8221;][vc_column_text] Sy\u00f6te Booking Centre area maps [\/vc_column_text][vc_column_text css=&#8221;&#8221;]You can print the Sy\u00f6te area map and cottage area maps...","og_url":"https:\/\/syote.net\/en\/maps\/","og_site_name":"Sy\u00f6te Keskusvaraamo","article_modified_time":"2026-04-13T12:06:18+00:00","twitter_card":"summary_large_image","twitter_misc":{"Est. reading time":"2 minutes"},"schema":{"@context":"https:\/\/schema.org","@graph":[{"@type":"WebPage","@id":"https:\/\/syote.net\/en\/maps\/","url":"https:\/\/syote.net\/en\/maps\/","name":"Area maps - Sy\u00f6te Keskusvaraamo","isPartOf":{"@id":"https:\/\/syote.net\/en\/#website"},"datePublished":"2020-10-08T12:02:02+00:00","dateModified":"2026-04-13T12:06:18+00:00","breadcrumb":{"@id":"https:\/\/syote.net\/en\/maps\/#breadcrumb"},"inLanguage":"en-US","potentialAction":[{"@type":"ReadAction","target":["https:\/\/syote.net\/en\/maps\/"]}]},{"@type":"BreadcrumbList","@id":"https:\/\/syote.net\/en\/maps\/#breadcrumb","itemListElement":[{"@type":"ListItem","position":1,"name":"Home","item":"https:\/\/syote.net\/en\/"},{"@type":"ListItem","position":2,"name":"Area maps"}]},{"@type":"WebSite","@id":"https:\/\/syote.net\/en\/#website","url":"https:\/\/syote.net\/en\/","name":"Sy\u00f6te Keskusvaraamo","description":"","potentialAction":[{"@type":"SearchAction","target":{"@type":"EntryPoint","urlTemplate":"https:\/\/syote.net\/en\/?s={search_term_string}"},"query-input":{"@type":"PropertyValueSpecification","valueRequired":true,"valueName":"search_term_string"}}],"inLanguage":"en-US"}]}},"_links":{"self":[{"href":"https:\/\/syote.net\/en\/wp-json\/wp\/v2\/pages\/20237","targetHints":{"allow":["GET"]}}],"collection":[{"href":"https:\/\/syote.net\/en\/wp-json\/wp\/v2\/pages"}],"about":[{"href":"https:\/\/syote.net\/en\/wp-json\/wp\/v2\/types\/page"}],"author":[{"embeddable":true,"href":"https:\/\/syote.net\/en\/wp-json\/wp\/v2\/users\/14"}],"replies":[{"embeddable":true,"href":"https:\/\/syote.net\/en\/wp-json\/wp\/v2\/comments?post=20237"}],"version-history":[{"count":23,"href":"https:\/\/syote.net\/en\/wp-json\/wp\/v2\/pages\/20237\/revisions"}],"predecessor-version":[{"id":37149,"href":"https:\/\/syote.net\/en\/wp-json\/wp\/v2\/pages\/20237\/revisions\/37149"}],"wp:attachment":[{"href":"https:\/\/syote.net\/en\/wp-json\/wp\/v2\/media?parent=20237"}],"curies":[{"name":"wp","href":"https:\/\/api.w.org\/{rel}","templated":true}]}}