{"id":18439,"date":"2019-12-12T07:53:45","date_gmt":"2019-12-12T05:53:45","guid":{"rendered":"https:\/\/syote.net\/booking-center\/"},"modified":"2026-03-28T12:05:24","modified_gmt":"2026-03-28T10:05:24","slug":"keskusvaraamo","status":"publish","type":"page","link":"https:\/\/syote.net\/en\/keskusvaraamo\/","title":{"rendered":"Sy\u00f6te Booking Centre"},"content":{"rendered":"<div class=\"wpb-content-wrapper\"><p>[vc_row css_animation=&#8221;&#8221; row_type=&#8221;row&#8221; use_row_as_full_screen_section=&#8221;no&#8221; type=&#8221;full_width&#8221; angled_section=&#8221;no&#8221; text_align=&#8221;left&#8221; background_image_as_pattern=&#8221;without_pattern&#8221; z_index=&#8221;&#8221;][vc_column]\n\t\t\t\t<p class=\"rs-p-wp-fix\"><\/p>\n\t\t\t\t<sr7-module data-alias=\"keskusvaraamo-11\" data-id=\"211\" id=\"SR7_211_1\" class=\"rs-ov-hidden\" data-version=\"6.7.51\">\n\t\t\t\t\t<sr7-adjuster><\/sr7-adjuster>\n\t\t\t\t\t<sr7-content>\n\t\t\t\t\t\t<sr7-slide id=\"SR7_211_1-35\" data-key=\"35\">\n\t\t\t\t\t\t\t<sr7-bg id=\"SR7_211_1-35-2\" class=\"sr7-layer\"><noscript><img decoding=\"async\" src=\"https:\/\/ewkmf6uwzwp.exactdn.com\/wp-content\/uploads\/2024\/11\/LumiAreena23112022.jpg?strip=all\" alt=\"\" title=\"IMG20221123135822\"><\/noscript><\/sr7-bg>\n\t\t\t\t\t\t\t<h2 id=\"SR7_211_1-35-1\" class=\"sr7-layer\">Sy\u00f6te Booking Centre<\/h2>\n\t\t\t\t\t\t<\/sr7-slide>\n\t\t\t\t\t\t<sr7-slide id=\"SR7_211_1-74\" data-key=\"74\">\n\t\t\t\t\t\t<\/sr7-slide>\n\t\t\t\t\t<\/sr7-content>\n\t\t\t\t<\/sr7-module>\n\t\t\t\t<script>\n\t\t\t\t\twindow.SR7 ??={};SR7.PMH ??={}; SR7.PMH[\"SR7_211_1\"] = {cn:100,state:false,fn: function() { if (window._tpt!==undefined && window._tpt.prepareModuleHeight !== undefined) {  _tpt.prepareModuleHeight({id:\"SR7_211_1\",el:[560,560,768,960,720],type:'hero',shdw:'0',gh:[560,560,462,351,217],gw:[1240,1240,1024,778,480],vpt:['20%'],size:{fullWidth:true, fullHeight:false},mh:'0',onh:0,onw:0,bg:{color:'{\"orig\":\"transparent\",\"type\":\"solid\",\"string\":\"transparent\"}'},plType:'-1',plColor:'#FFFFFF'});   SR7.PMH[\"SR7_211_1\"].state=true;} else if(SR7.PMH[\"SR7_211_1\"].cn-->0)\tsetTimeout( SR7.PMH[\"SR7_211_1\"].fn,19);}};SR7.PMH[\"SR7_211_1\" ].fn();\n\t\t\t\t<\/script>\n[\/vc_column][\/vc_row][vc_row css_animation=&#8221;&#8221; row_type=&#8221;row&#8221; use_row_as_full_screen_section=&#8221;no&#8221; type=&#8221;grid&#8221; angled_section=&#8221;no&#8221; text_align=&#8221;center&#8221; background_image_as_pattern=&#8221;without_pattern&#8221; background_color=&#8221;#ffffff&#8221;][vc_column offset=&#8221;vc_col-lg-offset-1 vc_col-lg-10 vc_col-md-offset-0 vc_col-md-12 vc_col-sm-offset-0&#8243; css=&#8221;.vc_custom_1587495570545{padding-top: 5% !important;padding-right: 15% !important;padding-left: 15% !important;}&#8221;][vc_column_text]<\/p>\n<h1 style=\"text-align: center;\">At your service<\/h1>\n<p>[\/vc_column_text][vc_column_text]Our office is located at the base of Iso-Sy\u00f6te fell, address Romekievarintie 2, in the LumiAreena building.[\/vc_column_text][vc_empty_space][vc_column_text css=&#8221;&#8221;]<\/p>\n<h3 style=\"text-align: center;\">Opening hours<\/h3>\n<p style=\"text-align: center;\"><strong>2.3.-1.4.2026:<\/strong><\/p>\n<p style=\"text-align: center;\">Mon-Sat 9-17<br \/>\nSun closed<\/p>\n<p style=\"text-align: center;\"><strong>During Easter holidays 2.-6.4.:<\/strong><\/p>\n<p style=\"text-align: center;\">Thu 2.4. open 9-18<br \/>\nFri 3.4. closed<br \/>\nSat 4.4. open 9-17<br \/>\nSun 5.4. and Mon 6.4. closed<\/p>\n<p style=\"text-align: center;\"><strong>7.4. onwards:<\/strong><\/p>\n<p style=\"text-align: center;\">Mon-Fri 9-17<br \/>\nSat-Sun closed<\/p>\n<p style=\"text-align: center;\">\u00a0If your cottage key pick up point is at our office, please pick up the key from our office during office hours.<\/p>\n<p align=\"center\">If you arrive outside office hours, please contact us in advance. We will leave the key to our key boxes, which are located at the entry of our office. We will inform by text message which key box and what code you should use for picking up the key.<\/p>\n<p>[\/vc_column_text][\/vc_column][\/vc_row][vc_row css_animation=&#8221;&#8221; row_type=&#8221;row&#8221; use_row_as_full_screen_section=&#8221;no&#8221; type=&#8221;grid&#8221; angled_section=&#8221;no&#8221; text_align=&#8221;left&#8221; background_image_as_pattern=&#8221;without_pattern&#8221; background_color=&#8221;#ffffff&#8221; padding_bottom=&#8221;15&#8243; el_class=&#8221;home_matkatoimistotyypit&#8221; css=&#8221;.vc_custom_1587495654774{padding-top: 4% !important;}&#8221; z_index=&#8221;&#8221;][vc_column offset=&#8221;vc_col-lg-4 vc_col-md-4&#8243;][vc_single_image image=&#8221;21979&#8243; img_size=&#8221;full&#8221; onclick=&#8221;img_link_large&#8221; img_link_target=&#8221;_blank&#8221; qode_css_animation=&#8221;element_from_fade&#8221; qode_hover_animation=&#8221;zoom_in&#8221;][vc_column_text]<strong>Accommodation<\/strong><\/p>\n<ul>\n<li>approx. 200 accommodation possibilities<\/li>\n<li>cottages and apartments<\/li>\n<li>also bookings for the three hotels in the Sy\u00f6te area Hotel Iso-Sy\u00f6te, Hotel Pikku-Sy\u00f6te and KIDE Hotel<\/li>\n<\/ul>\n<p><strong>Accommodation extra services<br \/>\n<\/strong><\/p>\n<ul>\n<li>bed linen<\/li>\n<li>firewood<\/li>\n<li>baby beds, highchairs for small children<\/li>\n<\/ul>\n<p><strong>Cleaning and maintenance services<\/strong><br \/>\n<strong>Cottage key pick-up point<\/strong>[\/vc_column_text][vc_separator type=&#8221;transparent&#8221; up=&#8221;35&#8243; down=&#8221;0&#8243;][\/vc_column][vc_column offset=&#8221;vc_col-lg-4 vc_col-md-4&#8243;][vc_single_image image=&#8221;18472&#8243; img_size=&#8221;full&#8221; qode_css_animation=&#8221;element_from_fade&#8221;][vc_column_text]<strong>Bookings for LumiAreena\u00a0 (meetings, events, sports)<\/strong><br \/>\n<strong>Group- and meeting services<\/strong><br \/>\n<strong>Official tourist information<\/strong><\/p>\n<p><strong>Also bookable through Sy\u00f6te Booking Centre:<\/strong><\/p>\n<ul>\n<li>Husky-, snowmobile- and reindeersafaris<\/li>\n<li>The weekly activity program and other activities<\/li>\n<li>Table reservations at the restaurants in the area<\/li>\n<li>Traditional smoke sauna experiences<\/li>\n<\/ul>\n<p>[\/vc_column_text][vc_separator type=&#8221;transparent&#8221; up=&#8221;35&#8243; down=&#8221;0&#8243;][\/vc_column][vc_column offset=&#8221;vc_col-lg-4 vc_col-md-4&#8243;][vc_single_image image=&#8221;29567&#8243; img_size=&#8221;2047&#215;1364&#8243; qode_css_animation=&#8221;element_from_fade&#8221;][vc_column_text]<strong>Other services at Sy\u00f6te Booking Centre:<\/strong><\/p>\n<ul>\n<li>Gift cards<\/li>\n<li>Nice textiles with Sy\u00f6te logo and souvenirs<\/li>\n<li>Toboggan and glider rental<\/li>\n<li>Maps and brochures<\/li>\n<li>Postcards and stamps<\/li>\n<\/ul>\n<p>[\/vc_column_text][vc_separator type=&#8221;transparent&#8221; up=&#8221;35&#8243; down=&#8221;0&#8243;][\/vc_column][\/vc_row][vc_row css_animation=&#8221;&#8221; row_type=&#8221;row&#8221; use_row_as_full_screen_section=&#8221;no&#8221; type=&#8221;full_width&#8221; angled_section=&#8221;no&#8221; text_align=&#8221;center&#8221; background_image_as_pattern=&#8221;without_pattern&#8221; background_color=&#8221;#ffffff&#8221; z_index=&#8221;&#8221;][vc_column offset=&#8221;vc_col-lg-offset-1 vc_col-lg-10 vc_col-md-offset-0 vc_col-md-12 vc_col-sm-offset-0&#8243; css=&#8221;.vc_custom_1612783595942{padding-right: 15% !important;padding-left: 15% !important;}&#8221;][vc_column_text]<\/p>\n<h1 style=\"text-align: center;\">Our office location<\/h1>\n<p>[\/vc_column_text][vc_empty_space][vc_gmaps link=&#8221;#E-8_JTNDaWZyYW1lJTIwc3JjJTNEJTIyaHR0cHMlM0ElMkYlMkZ3d3cuZ29vZ2xlLmNvbSUyRm1hcHMlMkZlbWJlZCUzRnBiJTNEJTIxMW0xNCUyMTFtOCUyMTFtMyUyMTFkMTY0Ni41ODcxMDQyNzA1NTA4JTIxMmQyNy42MjkyMzYyJTIxM2Q2NS42MjU2MTQzJTIxM20yJTIxMWkxMDI0JTIxMmk3NjglMjE0ZjEzLjElMjEzbTMlMjExbTIlMjExczB4NDQyYTMyYjg3OGQ5Nzc2ZiUyNTNBMHgyMWIyODNmMDA5ZDUxZDVkJTIxMnNTeSUyNUMzJTI1QjZ0dGVlbiUyNTIwa2Vza3VzdmFyYWFtbyUyMTVlMCUyMTNtMiUyMTFzZmklMjEyc2ZpJTIxNHYxNjAyMjUxMTIxOTc3JTIxNW0yJTIxMXNmaSUyMTJzZmklMjIlMjB3aWR0aCUzRCUyMjEwMDAlMjIlMjBoZWlnaHQlM0QlMjI1NTAlMjIlMjBmcmFtZWJvcmRlciUzRCUyMjAlMjIlMjBzdHlsZSUzRCUyMmJvcmRlciUzQTAlM0IlMjIlMjBhbGxvd2Z1bGxzY3JlZW4lM0QlMjIlMjIlMjBhcmlhLWhpZGRlbiUzRCUyMmZhbHNlJTIyJTIwdGFiaW5kZXglM0QlMjIwJTIyJTNFJTNDJTJGaWZyYW1lJTNF&#8221;][\/vc_column][\/vc_row][vc_row css_animation=&#8221;&#8221; row_type=&#8221;row&#8221; use_row_as_full_screen_section=&#8221;no&#8221; type=&#8221;grid&#8221; angled_section=&#8221;no&#8221; text_align=&#8221;center&#8221; background_image_as_pattern=&#8221;without_pattern&#8221; background_color=&#8221;#ffffff&#8221;][vc_column offset=&#8221;vc_col-lg-offset-0 vc_col-md-offset-0 vc_col-sm-offset-0&#8243;][vc_empty_space height=&#8221;60px&#8221;][\/vc_column][\/vc_row]<\/p>\n<\/div>","protected":false},"excerpt":{"rendered":"<p>[vc_row css_animation=&#8221;&#8221; row_type=&#8221;row&#8221; use_row_as_full_screen_section=&#8221;no&#8221; type=&#8221;full_width&#8221; angled_section=&#8221;no&#8221; text_align=&#8221;left&#8221; background_image_as_pattern=&#8221;without_pattern&#8221; z_index=&#8221;&#8221;][vc_column][\/vc_column][\/vc_row][vc_row css_animation=&#8221;&#8221; row_type=&#8221;row&#8221; use_row_as_full_screen_section=&#8221;no&#8221; type=&#8221;grid&#8221; angled_section=&#8221;no&#8221; text_align=&#8221;center&#8221; background_image_as_pattern=&#8221;without_pattern&#8221; background_color=&#8221;#ffffff&#8221;][vc_column offset=&#8221;vc_col-lg-offset-1 vc_col-lg-10 vc_col-md-offset-0 vc_col-md-12 vc_col-sm-offset-0&#8243; css=&#8221;.vc_custom_1587495570545{padding-top: 5% !important;padding-right: 15% !important;padding-left: 15% !important;}&#8221;][vc_column_text] At your service [\/vc_column_text][vc_column_text]Our office is located at the base of Iso-Sy\u00f6te fell, address Romekievarintie 2,&#8230;<\/p>\n","protected":false},"author":1,"featured_media":0,"parent":0,"menu_order":0,"comment_status":"closed","ping_status":"closed","template":"full_width.php","meta":{"footnotes":""},"class_list":["post-18439","page","type-page","status-publish","hentry"],"featured_image_src":null,"yoast_head":"<!-- This site is optimized with the Yoast SEO plugin v27.3 - https:\/\/yoast.com\/product\/yoast-seo-wordpress\/ -->\n<title>Sy\u00f6te Booking Centre - Sy\u00f6te Keskusvaraamo<\/title>\n<meta name=\"description\" content=\"Sy\u00f6te Booking Centre offers the widest selection of accommodation in the area \u2013 cottages, semi-detached apartments and multi-unit dwellings. You can also book hotel rooms through us. Nearly 200 of our accommodations are located in different cottage areas in Sy\u00f6te, within 10 km from the centre.\" \/>\n<meta name=\"robots\" content=\"index, follow, max-snippet:-1, max-image-preview:large, max-video-preview:-1\" \/>\n<link rel=\"canonical\" href=\"https:\/\/syote.net\/en\/keskusvaraamo\/\" \/>\n<meta property=\"og:locale\" content=\"en_US\" \/>\n<meta property=\"og:type\" content=\"article\" \/>\n<meta property=\"og:title\" content=\"Sy\u00f6te Booking Centre - Sy\u00f6te Keskusvaraamo\" \/>\n<meta property=\"og:description\" content=\"Sy\u00f6te Booking Centre offers the widest selection of accommodation in the area \u2013 cottages, semi-detached apartments and multi-unit dwellings. You can also book hotel rooms through us. Nearly 200 of our accommodations are located in different cottage areas in Sy\u00f6te, within 10 km from the centre.\" \/>\n<meta property=\"og:url\" content=\"https:\/\/syote.net\/en\/keskusvaraamo\/\" \/>\n<meta property=\"og:site_name\" content=\"Sy\u00f6te Keskusvaraamo\" \/>\n<meta property=\"article:modified_time\" content=\"2026-03-28T10:05:24+00:00\" \/>\n<meta property=\"og:image\" content=\"https:\/\/syote.net\/wp-content\/uploads\/2021\/02\/01_Sy\u00f6tteenwalo_Iso-Sy\u00f6te.jpg\" \/>\n\t<meta property=\"og:image:width\" content=\"1500\" \/>\n\t<meta property=\"og:image:height\" content=\"1000\" \/>\n\t<meta property=\"og:image:type\" content=\"image\/jpeg\" \/>\n<meta name=\"twitter:card\" content=\"summary_large_image\" \/>\n<meta name=\"twitter:label1\" content=\"Est. reading time\" \/>\n\t<meta name=\"twitter:data1\" content=\"3 minutes\" \/>\n<script type=\"application\/ld+json\" class=\"yoast-schema-graph\">{\"@context\":\"https:\\\/\\\/schema.org\",\"@graph\":[{\"@type\":\"WebPage\",\"@id\":\"https:\\\/\\\/syote.net\\\/en\\\/keskusvaraamo\\\/\",\"url\":\"https:\\\/\\\/syote.net\\\/en\\\/keskusvaraamo\\\/\",\"name\":\"Sy\u00f6te Booking Centre - Sy\u00f6te Keskusvaraamo\",\"isPartOf\":{\"@id\":\"https:\\\/\\\/syote.net\\\/en\\\/#website\"},\"datePublished\":\"2019-12-12T05:53:45+00:00\",\"dateModified\":\"2026-03-28T10:05:24+00:00\",\"description\":\"Sy\u00f6te Booking Centre offers the widest selection of accommodation in the area \u2013 cottages, semi-detached apartments and multi-unit dwellings. You can also book hotel rooms through us. Nearly 200 of our accommodations are located in different cottage areas in Sy\u00f6te, within 10 km from the centre.\",\"breadcrumb\":{\"@id\":\"https:\\\/\\\/syote.net\\\/en\\\/keskusvaraamo\\\/#breadcrumb\"},\"inLanguage\":\"en-US\",\"potentialAction\":[{\"@type\":\"ReadAction\",\"target\":[\"https:\\\/\\\/syote.net\\\/en\\\/keskusvaraamo\\\/\"]}]},{\"@type\":\"BreadcrumbList\",\"@id\":\"https:\\\/\\\/syote.net\\\/en\\\/keskusvaraamo\\\/#breadcrumb\",\"itemListElement\":[{\"@type\":\"ListItem\",\"position\":1,\"name\":\"Home\",\"item\":\"https:\\\/\\\/syote.net\\\/en\\\/\"},{\"@type\":\"ListItem\",\"position\":2,\"name\":\"Sy\u00f6te Booking Centre\"}]},{\"@type\":\"WebSite\",\"@id\":\"https:\\\/\\\/syote.net\\\/en\\\/#website\",\"url\":\"https:\\\/\\\/syote.net\\\/en\\\/\",\"name\":\"Sy\u00f6te Keskusvaraamo\",\"description\":\"\",\"potentialAction\":[{\"@type\":\"SearchAction\",\"target\":{\"@type\":\"EntryPoint\",\"urlTemplate\":\"https:\\\/\\\/syote.net\\\/en\\\/?s={search_term_string}\"},\"query-input\":{\"@type\":\"PropertyValueSpecification\",\"valueRequired\":true,\"valueName\":\"search_term_string\"}}],\"inLanguage\":\"en-US\"}]}<\/script>\n<!-- \/ Yoast SEO plugin. -->","yoast_head_json":{"title":"Sy\u00f6te Booking Centre - Sy\u00f6te Keskusvaraamo","description":"Sy\u00f6te Booking Centre offers the widest selection of accommodation in the area \u2013 cottages, semi-detached apartments and multi-unit dwellings. You can also book hotel rooms through us. Nearly 200 of our accommodations are located in different cottage areas in Sy\u00f6te, within 10 km from the centre.","robots":{"index":"index","follow":"follow","max-snippet":"max-snippet:-1","max-image-preview":"max-image-preview:large","max-video-preview":"max-video-preview:-1"},"canonical":"https:\/\/syote.net\/en\/keskusvaraamo\/","og_locale":"en_US","og_type":"article","og_title":"Sy\u00f6te Booking Centre - Sy\u00f6te Keskusvaraamo","og_description":"Sy\u00f6te Booking Centre offers the widest selection of accommodation in the area \u2013 cottages, semi-detached apartments and multi-unit dwellings. You can also book hotel rooms through us. Nearly 200 of our accommodations are located in different cottage areas in Sy\u00f6te, within 10 km from the centre.","og_url":"https:\/\/syote.net\/en\/keskusvaraamo\/","og_site_name":"Sy\u00f6te Keskusvaraamo","article_modified_time":"2026-03-28T10:05:24+00:00","og_image":[{"width":1500,"height":1000,"url":"https:\/\/syote.net\/wp-content\/uploads\/2021\/02\/01_Sy\u00f6tteenwalo_Iso-Sy\u00f6te.jpg","type":"image\/jpeg"}],"twitter_card":"summary_large_image","twitter_misc":{"Est. reading time":"3 minutes"},"schema":{"@context":"https:\/\/schema.org","@graph":[{"@type":"WebPage","@id":"https:\/\/syote.net\/en\/keskusvaraamo\/","url":"https:\/\/syote.net\/en\/keskusvaraamo\/","name":"Sy\u00f6te Booking Centre - Sy\u00f6te Keskusvaraamo","isPartOf":{"@id":"https:\/\/syote.net\/en\/#website"},"datePublished":"2019-12-12T05:53:45+00:00","dateModified":"2026-03-28T10:05:24+00:00","description":"Sy\u00f6te Booking Centre offers the widest selection of accommodation in the area \u2013 cottages, semi-detached apartments and multi-unit dwellings. You can also book hotel rooms through us. Nearly 200 of our accommodations are located in different cottage areas in Sy\u00f6te, within 10 km from the centre.","breadcrumb":{"@id":"https:\/\/syote.net\/en\/keskusvaraamo\/#breadcrumb"},"inLanguage":"en-US","potentialAction":[{"@type":"ReadAction","target":["https:\/\/syote.net\/en\/keskusvaraamo\/"]}]},{"@type":"BreadcrumbList","@id":"https:\/\/syote.net\/en\/keskusvaraamo\/#breadcrumb","itemListElement":[{"@type":"ListItem","position":1,"name":"Home","item":"https:\/\/syote.net\/en\/"},{"@type":"ListItem","position":2,"name":"Sy\u00f6te Booking Centre"}]},{"@type":"WebSite","@id":"https:\/\/syote.net\/en\/#website","url":"https:\/\/syote.net\/en\/","name":"Sy\u00f6te Keskusvaraamo","description":"","potentialAction":[{"@type":"SearchAction","target":{"@type":"EntryPoint","urlTemplate":"https:\/\/syote.net\/en\/?s={search_term_string}"},"query-input":{"@type":"PropertyValueSpecification","valueRequired":true,"valueName":"search_term_string"}}],"inLanguage":"en-US"}]}},"_links":{"self":[{"href":"https:\/\/syote.net\/en\/wp-json\/wp\/v2\/pages\/18439","targetHints":{"allow":["GET"]}}],"collection":[{"href":"https:\/\/syote.net\/en\/wp-json\/wp\/v2\/pages"}],"about":[{"href":"https:\/\/syote.net\/en\/wp-json\/wp\/v2\/types\/page"}],"author":[{"embeddable":true,"href":"https:\/\/syote.net\/en\/wp-json\/wp\/v2\/users\/1"}],"replies":[{"embeddable":true,"href":"https:\/\/syote.net\/en\/wp-json\/wp\/v2\/comments?post=18439"}],"version-history":[{"count":131,"href":"https:\/\/syote.net\/en\/wp-json\/wp\/v2\/pages\/18439\/revisions"}],"predecessor-version":[{"id":46769,"href":"https:\/\/syote.net\/en\/wp-json\/wp\/v2\/pages\/18439\/revisions\/46769"}],"wp:attachment":[{"href":"https:\/\/syote.net\/en\/wp-json\/wp\/v2\/media?parent=18439"}],"curies":[{"name":"wp","href":"https:\/\/api.w.org\/{rel}","templated":true}]}}